{"id":57,"date":"2015-06-13T14:56:23","date_gmt":"2015-06-13T12:56:23","guid":{"rendered":"https:\/\/www.chessalab.it\/chessalabshop\/?page_id=57"},"modified":"2024-06-14T11:05:51","modified_gmt":"2024-06-14T09:05:51","slug":"garanzia","status":"publish","type":"page","link":"https:\/\/www.chessalab.it\/chessalabshop\/garanzia\/","title":{"rendered":"Aiuto"},"content":{"rendered":"\t\t<div data-elementor-type=\"wp-post\" data-elementor-id=\"57\" class=\"elementor elementor-57\" data-elementor-post-type=\"page\">\n\t\t\t\t\t\t<section class=\"elementor-section elementor-top-section elementor-element elementor-element-5a315a14 elementor-section-boxed elementor-section-height-default elementor-section-height-default\" data-id=\"5a315a14\" data-element_type=\"section\" data-e-type=\"section\">\n\t\t\t\t\t\t<div class=\"elementor-container elementor-column-gap-default\">\n\t\t\t\t\t<div class=\"elementor-column elementor-col-100 elementor-top-column elementor-element elementor-element-7ed024de\" data-id=\"7ed024de\" data-element_type=\"column\" data-e-type=\"column\">\n\t\t\t<div class=\"elementor-widget-wrap elementor-element-populated\">\n\t\t\t\t\t\t<div class=\"elementor-element elementor-element-70f44818 elementor-widget elementor-widget-text-editor\" data-id=\"70f44818\" data-element_type=\"widget\" data-e-type=\"widget\" data-widget_type=\"text-editor.default\">\n\t\t\t\t<div class=\"elementor-widget-container\">\n\t\t\t\t\t\t\t\t\t<div id=\"post-157\" class=\"group post-157 page type-page status-publish hentry\"><h4><strong>Guida alle Taglie<\/strong><\/h4><div><strong>\u00a0<\/strong><\/div><p>Incrocia il tuo peso e altezza per trovare la taglia pi\u00f9 adatta a te, la misura che ne risulter\u00e0 \u00e8 indicativa per una vestibilit\u00e0 normale.<\/p><p>Chi volesse una vestibilit\u00e0 pi\u00f9 aderente o pi\u00f9 morbida potr\u00e0 aumentare o diminuire di 1 taglia.<\/p><p>\u00a0<\/p><p><a href=\"http:\/\/www.chessalab.it\/chessalabshop\/wp-content\/uploads\/2017\/02\/CHESSA-LAB-CONSIGLIO-SCELTA-TAGLIA-AGGIORNATA.jpg\"><img fetchpriority=\"high\" decoding=\"async\" class=\"alignnone size-full wp-image-3476\" src=\"https:\/\/www.chessalab.it\/chessalabshop\/wp-content\/uploads\/2017\/02\/CHESSA-LAB-CONSIGLIO-SCELTA-TAGLIA-AGGIORNATA.jpg\" alt=\"\" width=\"2361\" height=\"1476\" srcset=\"https:\/\/www.chessalab.it\/chessalabshop\/wp-content\/uploads\/2017\/02\/CHESSA-LAB-CONSIGLIO-SCELTA-TAGLIA-AGGIORNATA.jpg 2361w, https:\/\/www.chessalab.it\/chessalabshop\/wp-content\/uploads\/2017\/02\/CHESSA-LAB-CONSIGLIO-SCELTA-TAGLIA-AGGIORNATA-400x250.jpg 400w, https:\/\/www.chessalab.it\/chessalabshop\/wp-content\/uploads\/2017\/02\/CHESSA-LAB-CONSIGLIO-SCELTA-TAGLIA-AGGIORNATA-300x188.jpg 300w, https:\/\/www.chessalab.it\/chessalabshop\/wp-content\/uploads\/2017\/02\/CHESSA-LAB-CONSIGLIO-SCELTA-TAGLIA-AGGIORNATA-768x480.jpg 768w, https:\/\/www.chessalab.it\/chessalabshop\/wp-content\/uploads\/2017\/02\/CHESSA-LAB-CONSIGLIO-SCELTA-TAGLIA-AGGIORNATA-1024x640.jpg 1024w\" sizes=\"(max-width: 2361px) 100vw, 2361px\" \/><\/a><\/p><p>\u00a0<\/p><h4><strong>Garanzie<\/strong><\/h4><div><strong>\u00a0<\/strong><\/div><p style=\"text-align: justify;\">Chessa Lab garantisce la finezza e il pregio di ogni suo singolo capo, assicura che sono stati rispettati gli standard imposti dall\u2019azienda in termini di qualit\u00e0 e di rispetto dell\u2019ambiente.<\/p><p style=\"text-align: justify;\">Per produrre un capo Chessa Lab non sono stati sfruttati bambini e ci teniamo a precisare che sono state rispettate le condizioni di lavoro di ogni singolo ESSERE UMANO che materialmente ha preso parte alla realizzazione delle nostre creazioni.<\/p><p>\u00a0<\/p><h4><strong>Consigli di manutenzione dei capi<\/strong><\/h4><div><strong>\u00a0<\/strong><\/div><p style=\"text-align: justify;\">Per garantire la qualit\u00e0 e la durata nel tempo dei capi consigliamo lavaggi a mano o in lavatrice ciclo delicati a massimo 30\u00b0 col capo al rovescio. In tal modo verr\u00e0 assicurata una maggior durata e brillantezza delle nostre realizzazioni.<\/p><h4>\u00a0<\/h4><h4>\u00a0<\/h4><h4><strong>Pagamenti sicuri<\/strong><\/h4><div><strong>\u00a0<\/strong><\/div><p style=\"text-align: justify;\">Chessa Lab assicura il massimo livello di sicurezza nei pagamenti. La trasmissione delle informazioni di pagamento avviene tramite lo standard di sicurezza pi\u00f9 elevato ed \u00e8 garantita dal circuito PayPal. Modalit\u00e0 di pagamento accettate:<\/p><p style=\"text-align: justify;\">\u2013 CARTA DI CREDITO: Al momento dell\u2019acquisto, i Clienti immettono i dettagli della propria carta di credito in un sistema bancario elettronico protetto, fornito da PayPal. E\u2019 possibile effettuare gli acquisti tramite Visa, Mastercard, PayPal, PostePay, Discover, Aura, Ricarica PayPal ed American Express.<\/p><p style=\"text-align: justify;\">\u2013 PAYPAL: PayPal \u00e8 un sistema di pagamento online che permette a qualsiasi azienda o consumatore che disponga di un indirizzo email di inviare e ricevere pagamenti. Registrarsi \u00e8 gratuito e velocissimo, \u00e8 possibile aprire il proprio account dal quale si possono effettuare pagamenti utilizzando la mail e la relativa password. Al proprio account \u00e8 possibile associare una carta di credito o una qualsiasi carta prepagata , oppure si pu\u00f2 ricaricare senza spese dal conto corrente bancario.<\/p><p style=\"text-align: justify;\">Per creare un conto PayPal e per maggiori informazioni visita www.paypal.it<\/p><p>\u00a0<\/p><h4><strong>Come acquistare<\/strong><\/h4><div><strong>\u00a0<\/strong><\/div><p style=\"text-align: left;\">1) Scegli il prodotto desiderato<br \/>2) Seleziona la taglia<br \/>3) Clicca su Aggiungi Al Carrello<br \/>4) Clicca su Procedi al Pagamento<br \/>5) Inserisci il tuo indirizzo di spedizione<br \/>6) Conferma e paga in totale sicurezza tramite Paypal o Contrassegno.<br \/>7) Aspetta 1-4 giorni e goditi il tuo capo Chessa Lab edizione limitata!<\/p><p style=\"text-align: justify;\">Siamo a completa disposizione per ogni chiarimento durante la procedura d\u2019acquisto.<\/p><p>\u00a0<\/p><h4><strong>Spedizioni<\/strong><\/h4><div><strong>\u00a0<\/strong><\/div><p style=\"text-align: justify;\">Le spedizioni sono effettuate tramite Corriere Espresso, dal Luned\u00ec al Venerd\u00ec con orari 9-17.30. Gli ordini effettuati durante il Weekend avranno la priorit\u00e0 il Luned\u00ec della settimana successiva. Con la consegna del pacco il Cliente riceve la fattura ufficiale del suo acquisto con valuta in Euro. Al momento dell\u2019arrivo della merce, i Clienti sono pregati di ispezionare attentamente il pacco prima di apporre una firma a prova di avvenuta consegna della spedizione. Le spedizioni saranno inviate all\u2019indirizzo del Cliente confermato al momento del pagamento, nella conferma d\u2019ordine .<\/p><p>\u00a0<\/p><h4><strong>Resi<\/strong><\/h4><div><strong>\u00a0<\/strong><\/div><p style=\"text-align: justify;\">Chessa Lab garantisce il Reso gratuito per i vostri acquisti. Contattaci all\u2019indirizzo <a href=\"mailto:info@chessalab.it\">info@chessalab.it<\/a> indicando: nome cognome numero di fattura e ordine riferimento del capo. Sarai ricontattato per procedere con la restituzione o il cambio taglia.<\/p><\/div><h4><strong>Privacy Policy<\/strong><\/h4><div><strong>\u00a0<\/strong><\/div><p><a class=\"iubenda-black iubenda-embed\" title=\"Privacy Policy\" href=\"\/\/www.iubenda.com\/privacy-policy\/8019991\">Privacy Policy<\/a><script type=\"text\/javascript\">(function (w,d) {var loader = function () {var s = d.createElement(\"script\"), tag = d.getElementsByTagName(\"script\")[0]; s.src = \"\/\/cdn.iubenda.com\/iubenda.js\"; tag.parentNode.insertBefore(s,tag);}; if(w.addEventListener){w.addEventListener(\"load\", loader, false);}else if(w.attachEvent){w.attachEvent(\"onload\", loader);}else{w.onload = loader;}})(window, document);<\/script><\/p>\t\t\t\t\t\t\t\t<\/div>\n\t\t\t\t<\/div>\n\t\t\t\t\t<\/div>\n\t\t<\/div>\n\t\t\t\t\t<\/div>\n\t\t<\/section>\n\t\t\t\t<\/div>\n\t\t","protected":false},"excerpt":{"rendered":"<p>Guida alle Taglie \u00a0 Incrocia il tuo peso e altezza per trovare la taglia pi\u00f9 adatta a te, la misura che ne risulter\u00e0 \u00e8 indicativa per una vestibilit\u00e0 normale. Chi volesse una vestibilit\u00e0 pi\u00f9 aderente o pi\u00f9 morbida potr\u00e0 aumentare o diminuire di 1 taglia. \u00a0 \u00a0 Garanzie \u00a0 Chessa Lab garantisce la finezza e [&hellip;]<\/p>\n","protected":false},"author":1,"featured_media":0,"parent":0,"menu_order":0,"comment_status":"closed","ping_status":"closed","template":"elementor_header_footer","meta":{"site-sidebar-layout":"default","site-content-layout":"default","ast-site-content-layout":"default","site-content-style":"default","site-sidebar-style":"default","ast-global-header-display":"","ast-banner-title-visibility":"","ast-main-header-display":"","ast-hfb-above-header-display":"","ast-hfb-below-header-display":"","ast-hfb-mobile-header-display":"","site-post-title":"","ast-breadcrumbs-content":"","ast-featured-img":"","footer-sml-layout":"","theme-transparent-header-meta":"default","adv-header-id-meta":"","stick-header-meta":"","header-above-stick-meta":"","header-main-stick-meta":"","header-below-stick-meta":"","astra-migrate-meta-layouts":"set","ast-page-background-enabled":"default","ast-page-background-meta":{"desktop":{"background-color":"","background-image":"","background-repeat":"repeat","background-position":"center center","background-size":"auto","background-attachment":"scroll","background-type":"","background-media":"","overlay-type":"","overlay-color":"","overlay-opacity":"","overlay-gradient":""},"tablet":{"background-color":"","background-image":"","background-repeat":"repeat","background-position":"center center","background-size":"auto","background-attachment":"scroll","background-type":"","background-media":"","overlay-type":"","overlay-color":"","overlay-opacity":"","overlay-gradient":""},"mobile":{"background-color":"","background-image":"","background-repeat":"repeat","background-position":"center center","background-size":"auto","background-attachment":"scroll","background-type":"","background-media":"","overlay-type":"","overlay-color":"","overlay-opacity":"","overlay-gradient":""}},"ast-content-background-meta":{"desktop":{"background-color":"var(--ast-global-color-5)","background-image":"","background-repeat":"repeat","background-position":"center center","background-size":"auto","background-attachment":"scroll","background-type":"","background-media":"","overlay-type":"","overlay-color":"","overlay-opacity":"","overlay-gradient":""},"tablet":{"background-color":"var(--ast-global-color-5)","background-image":"","background-repeat":"repeat","background-position":"center center","background-size":"auto","background-attachment":"scroll","background-type":"","background-media":"","overlay-type":"","overlay-color":"","overlay-opacity":"","overlay-gradient":""},"mobile":{"background-color":"var(--ast-global-color-5)","background-image":"","background-repeat":"repeat","background-position":"center center","background-size":"auto","background-attachment":"scroll","background-type":"","background-media":"","overlay-type":"","overlay-color":"","overlay-opacity":"","overlay-gradient":""}},"footnotes":""},"class_list":["post-57","page","type-page","status-publish","hentry"],"yoast_head":"<!-- This site is optimized with the Yoast SEO plugin v27.5 - https:\/\/yoast.com\/product\/yoast-seo-wordpress\/ -->\n<title>Aiuto | Chessa Lab Store<\/title>\n<meta name=\"description\" content=\"Scopri tutte le informazioni su garanzie, pagamenti, spedizioni e resi del sito ufficiale Chessa Lab.\" \/>\n<meta name=\"robots\" content=\"index, follow, max-snippet:-1, max-image-preview:large, max-video-preview:-1\" \/>\n<link rel=\"canonical\" href=\"https:\/\/www.chessalab.it\/chessalabshop\/garanzia\/\" \/>\n<meta property=\"og:locale\" content=\"it_IT\" \/>\n<meta property=\"og:type\" content=\"article\" \/>\n<meta property=\"og:title\" content=\"Aiuto | Chessa Lab Store\" \/>\n<meta property=\"og:description\" content=\"Scopri tutte le informazioni su garanzie, pagamenti, spedizioni e resi del sito ufficiale Chessa Lab.\" \/>\n<meta property=\"og:url\" content=\"https:\/\/www.chessalab.it\/chessalabshop\/garanzia\/\" \/>\n<meta property=\"og:site_name\" content=\"Chessa Lab Store\" \/>\n<meta property=\"article:publisher\" content=\"https:\/\/www.facebook.com\/chessalab\" \/>\n<meta property=\"article:modified_time\" content=\"2024-06-14T09:05:51+00:00\" \/>\n<meta property=\"og:image\" content=\"https:\/\/www.chessalab.it\/chessalabshop\/wp-content\/uploads\/2017\/02\/CHESSA-LAB-CONSIGLIO-SCELTA-TAGLIA-AGGIORNATA.jpg\" \/>\n<meta name=\"twitter:card\" content=\"summary_large_image\" \/>\n<meta name=\"twitter:site\" content=\"@ChessaLab\" \/>\n<meta name=\"twitter:label1\" content=\"Tempo di lettura stimato\" \/>\n\t<meta name=\"twitter:data1\" content=\"3 minuti\" \/>\n<script type=\"application\/ld+json\" class=\"yoast-schema-graph\">{\"@context\":\"https:\\\/\\\/schema.org\",\"@graph\":[{\"@type\":\"WebPage\",\"@id\":\"https:\\\/\\\/www.chessalab.it\\\/chessalabshop\\\/garanzia\\\/\",\"url\":\"https:\\\/\\\/www.chessalab.it\\\/chessalabshop\\\/garanzia\\\/\",\"name\":\"Aiuto | Chessa Lab Store\",\"isPartOf\":{\"@id\":\"https:\\\/\\\/www.chessalab.it\\\/chessalabshop\\\/#website\"},\"primaryImageOfPage\":{\"@id\":\"https:\\\/\\\/www.chessalab.it\\\/chessalabshop\\\/garanzia\\\/#primaryimage\"},\"image\":{\"@id\":\"https:\\\/\\\/www.chessalab.it\\\/chessalabshop\\\/garanzia\\\/#primaryimage\"},\"thumbnailUrl\":\"https:\\\/\\\/www.chessalab.it\\\/chessalabshop\\\/wp-content\\\/uploads\\\/2017\\\/02\\\/CHESSA-LAB-CONSIGLIO-SCELTA-TAGLIA-AGGIORNATA.jpg\",\"datePublished\":\"2015-06-13T12:56:23+00:00\",\"dateModified\":\"2024-06-14T09:05:51+00:00\",\"description\":\"Scopri tutte le informazioni su garanzie, pagamenti, spedizioni e resi del sito ufficiale Chessa Lab.\",\"breadcrumb\":{\"@id\":\"https:\\\/\\\/www.chessalab.it\\\/chessalabshop\\\/garanzia\\\/#breadcrumb\"},\"inLanguage\":\"it-IT\",\"potentialAction\":[{\"@type\":\"ReadAction\",\"target\":[\"https:\\\/\\\/www.chessalab.it\\\/chessalabshop\\\/garanzia\\\/\"]}]},{\"@type\":\"ImageObject\",\"inLanguage\":\"it-IT\",\"@id\":\"https:\\\/\\\/www.chessalab.it\\\/chessalabshop\\\/garanzia\\\/#primaryimage\",\"url\":\"https:\\\/\\\/www.chessalab.it\\\/chessalabshop\\\/wp-content\\\/uploads\\\/2017\\\/02\\\/CHESSA-LAB-CONSIGLIO-SCELTA-TAGLIA-AGGIORNATA.jpg\",\"contentUrl\":\"https:\\\/\\\/www.chessalab.it\\\/chessalabshop\\\/wp-content\\\/uploads\\\/2017\\\/02\\\/CHESSA-LAB-CONSIGLIO-SCELTA-TAGLIA-AGGIORNATA.jpg\"},{\"@type\":\"BreadcrumbList\",\"@id\":\"https:\\\/\\\/www.chessalab.it\\\/chessalabshop\\\/garanzia\\\/#breadcrumb\",\"itemListElement\":[{\"@type\":\"ListItem\",\"position\":1,\"name\":\"Home\",\"item\":\"https:\\\/\\\/www.chessalab.it\\\/chessalabshop\\\/\"},{\"@type\":\"ListItem\",\"position\":2,\"name\":\"Aiuto\"}]},{\"@type\":\"WebSite\",\"@id\":\"https:\\\/\\\/www.chessalab.it\\\/chessalabshop\\\/#website\",\"url\":\"https:\\\/\\\/www.chessalab.it\\\/chessalabshop\\\/\",\"name\":\"Chessa Lab Store\",\"description\":\"\",\"publisher\":{\"@id\":\"https:\\\/\\\/www.chessalab.it\\\/chessalabshop\\\/#organization\"},\"potentialAction\":[{\"@type\":\"SearchAction\",\"target\":{\"@type\":\"EntryPoint\",\"urlTemplate\":\"https:\\\/\\\/www.chessalab.it\\\/chessalabshop\\\/?s={search_term_string}\"},\"query-input\":{\"@type\":\"PropertyValueSpecification\",\"valueRequired\":true,\"valueName\":\"search_term_string\"}}],\"inLanguage\":\"it-IT\"},{\"@type\":\"Organization\",\"@id\":\"https:\\\/\\\/www.chessalab.it\\\/chessalabshop\\\/#organization\",\"name\":\"Chessa Lab\",\"url\":\"https:\\\/\\\/www.chessalab.it\\\/chessalabshop\\\/\",\"logo\":{\"@type\":\"ImageObject\",\"inLanguage\":\"it-IT\",\"@id\":\"https:\\\/\\\/www.chessalab.it\\\/chessalabshop\\\/#\\\/schema\\\/logo\\\/image\\\/\",\"url\":\"https:\\\/\\\/www.chessalab.it\\\/chessalabshop\\\/wp-content\\\/uploads\\\/2015\\\/06\\\/120x120-definitivo-ultimo.png\",\"contentUrl\":\"https:\\\/\\\/www.chessalab.it\\\/chessalabshop\\\/wp-content\\\/uploads\\\/2015\\\/06\\\/120x120-definitivo-ultimo.png\",\"width\":120,\"height\":120,\"caption\":\"Chessa Lab\"},\"image\":{\"@id\":\"https:\\\/\\\/www.chessalab.it\\\/chessalabshop\\\/#\\\/schema\\\/logo\\\/image\\\/\"},\"sameAs\":[\"https:\\\/\\\/www.facebook.com\\\/chessalab\",\"https:\\\/\\\/x.com\\\/ChessaLab\",\"https:\\\/\\\/www.instagram.com\\\/chessalab_official\\\/\",\"https:\\\/\\\/www.pinterest.it\\\/chessalab\\\/\"]}]}<\/script>\n<!-- \/ Yoast SEO plugin. -->","yoast_head_json":{"title":"Aiuto | Chessa Lab Store","description":"Scopri tutte le informazioni su garanzie, pagamenti, spedizioni e resi del sito ufficiale Chessa Lab.","robots":{"index":"index","follow":"follow","max-snippet":"max-snippet:-1","max-image-preview":"max-image-preview:large","max-video-preview":"max-video-preview:-1"},"canonical":"https:\/\/www.chessalab.it\/chessalabshop\/garanzia\/","og_locale":"it_IT","og_type":"article","og_title":"Aiuto | Chessa Lab Store","og_description":"Scopri tutte le informazioni su garanzie, pagamenti, spedizioni e resi del sito ufficiale Chessa Lab.","og_url":"https:\/\/www.chessalab.it\/chessalabshop\/garanzia\/","og_site_name":"Chessa Lab Store","article_publisher":"https:\/\/www.facebook.com\/chessalab","article_modified_time":"2024-06-14T09:05:51+00:00","og_image":[{"url":"https:\/\/www.chessalab.it\/chessalabshop\/wp-content\/uploads\/2017\/02\/CHESSA-LAB-CONSIGLIO-SCELTA-TAGLIA-AGGIORNATA.jpg","type":"","width":"","height":""}],"twitter_card":"summary_large_image","twitter_site":"@ChessaLab","twitter_misc":{"Tempo di lettura stimato":"3 minuti"},"schema":{"@context":"https:\/\/schema.org","@graph":[{"@type":"WebPage","@id":"https:\/\/www.chessalab.it\/chessalabshop\/garanzia\/","url":"https:\/\/www.chessalab.it\/chessalabshop\/garanzia\/","name":"Aiuto | Chessa Lab Store","isPartOf":{"@id":"https:\/\/www.chessalab.it\/chessalabshop\/#website"},"primaryImageOfPage":{"@id":"https:\/\/www.chessalab.it\/chessalabshop\/garanzia\/#primaryimage"},"image":{"@id":"https:\/\/www.chessalab.it\/chessalabshop\/garanzia\/#primaryimage"},"thumbnailUrl":"https:\/\/www.chessalab.it\/chessalabshop\/wp-content\/uploads\/2017\/02\/CHESSA-LAB-CONSIGLIO-SCELTA-TAGLIA-AGGIORNATA.jpg","datePublished":"2015-06-13T12:56:23+00:00","dateModified":"2024-06-14T09:05:51+00:00","description":"Scopri tutte le informazioni su garanzie, pagamenti, spedizioni e resi del sito ufficiale Chessa Lab.","breadcrumb":{"@id":"https:\/\/www.chessalab.it\/chessalabshop\/garanzia\/#breadcrumb"},"inLanguage":"it-IT","potentialAction":[{"@type":"ReadAction","target":["https:\/\/www.chessalab.it\/chessalabshop\/garanzia\/"]}]},{"@type":"ImageObject","inLanguage":"it-IT","@id":"https:\/\/www.chessalab.it\/chessalabshop\/garanzia\/#primaryimage","url":"https:\/\/www.chessalab.it\/chessalabshop\/wp-content\/uploads\/2017\/02\/CHESSA-LAB-CONSIGLIO-SCELTA-TAGLIA-AGGIORNATA.jpg","contentUrl":"https:\/\/www.chessalab.it\/chessalabshop\/wp-content\/uploads\/2017\/02\/CHESSA-LAB-CONSIGLIO-SCELTA-TAGLIA-AGGIORNATA.jpg"},{"@type":"BreadcrumbList","@id":"https:\/\/www.chessalab.it\/chessalabshop\/garanzia\/#breadcrumb","itemListElement":[{"@type":"ListItem","position":1,"name":"Home","item":"https:\/\/www.chessalab.it\/chessalabshop\/"},{"@type":"ListItem","position":2,"name":"Aiuto"}]},{"@type":"WebSite","@id":"https:\/\/www.chessalab.it\/chessalabshop\/#website","url":"https:\/\/www.chessalab.it\/chessalabshop\/","name":"Chessa Lab Store","description":"","publisher":{"@id":"https:\/\/www.chessalab.it\/chessalabshop\/#organization"},"potentialAction":[{"@type":"SearchAction","target":{"@type":"EntryPoint","urlTemplate":"https:\/\/www.chessalab.it\/chessalabshop\/?s={search_term_string}"},"query-input":{"@type":"PropertyValueSpecification","valueRequired":true,"valueName":"search_term_string"}}],"inLanguage":"it-IT"},{"@type":"Organization","@id":"https:\/\/www.chessalab.it\/chessalabshop\/#organization","name":"Chessa Lab","url":"https:\/\/www.chessalab.it\/chessalabshop\/","logo":{"@type":"ImageObject","inLanguage":"it-IT","@id":"https:\/\/www.chessalab.it\/chessalabshop\/#\/schema\/logo\/image\/","url":"https:\/\/www.chessalab.it\/chessalabshop\/wp-content\/uploads\/2015\/06\/120x120-definitivo-ultimo.png","contentUrl":"https:\/\/www.chessalab.it\/chessalabshop\/wp-content\/uploads\/2015\/06\/120x120-definitivo-ultimo.png","width":120,"height":120,"caption":"Chessa Lab"},"image":{"@id":"https:\/\/www.chessalab.it\/chessalabshop\/#\/schema\/logo\/image\/"},"sameAs":["https:\/\/www.facebook.com\/chessalab","https:\/\/x.com\/ChessaLab","https:\/\/www.instagram.com\/chessalab_official\/","https:\/\/www.pinterest.it\/chessalab\/"]}]}},"_links":{"self":[{"href":"https:\/\/www.chessalab.it\/chessalabshop\/wp-json\/wp\/v2\/pages\/57","targetHints":{"allow":["GET"]}}],"collection":[{"href":"https:\/\/www.chessalab.it\/chessalabshop\/wp-json\/wp\/v2\/pages"}],"about":[{"href":"https:\/\/www.chessalab.it\/chessalabshop\/wp-json\/wp\/v2\/types\/page"}],"author":[{"embeddable":true,"href":"https:\/\/www.chessalab.it\/chessalabshop\/wp-json\/wp\/v2\/users\/1"}],"replies":[{"embeddable":true,"href":"https:\/\/www.chessalab.it\/chessalabshop\/wp-json\/wp\/v2\/comments?post=57"}],"version-history":[{"count":6,"href":"https:\/\/www.chessalab.it\/chessalabshop\/wp-json\/wp\/v2\/pages\/57\/revisions"}],"predecessor-version":[{"id":19403,"href":"https:\/\/www.chessalab.it\/chessalabshop\/wp-json\/wp\/v2\/pages\/57\/revisions\/19403"}],"wp:attachment":[{"href":"https:\/\/www.chessalab.it\/chessalabshop\/wp-json\/wp\/v2\/media?parent=57"}],"curies":[{"name":"wp","href":"https:\/\/api.w.org\/{rel}","templated":true}]}}