{"id":17964,"date":"2023-05-04T16:17:54","date_gmt":"2023-05-04T14:17:54","guid":{"rendered":"https:\/\/www.chessalab.it\/chessalabshop\/?post_type=product&#038;p=17964"},"modified":"2023-11-23T18:26:06","modified_gmt":"2023-11-23T17:26:06","slug":"t-shirt-futuro-uomo","status":"publish","type":"product","link":"https:\/\/www.chessalab.it\/chessalabshop\/prodotto\/t-shirt-futuro-uomo\/","title":{"rendered":"T-SHIRT FUTURO uomo"},"content":{"rendered":"<p>MAGLIA PRODOTTA INTERAMENTE IN ITALIA SECONDO GLI STANDARD QUALITATIVI DELLE OFFICINE CHESSA LAB.<\/p>\n<p>Disponibile nelle taglie unisex: -XXS -XS -S -M -L -XL\u00a0 &#8211; XXXL (La taglia xxxl di questo modello ha una vestibilit\u00e0 molto abbondante).<\/p>\n<p>Vestibilit\u00e0 Uomo: leggermente aderente<br \/>\nDonna: consigliamo di optare su una taglia inferiore.<\/p>\n<p>1\u00b0CAMBIO TAGLIA GRATUITO<br \/>\nComposizione: 70% cot. 30% jersey di pol. ultra comfort<\/p>\n","protected":false},"excerpt":{"rendered":"<p>FUTURO<\/p>\n<p><span style=\"font-size: 10.0pt; font-family: 'Verdana',sans-serif;\">La voglia di rivincita nei confronti di quella vita che non ha scelto, la forza per alzarsi in piedi e scegliere una strada diversa. Quel bambino a cui non \u00e8 permesso essere bambino ha davanti a s\u00e9 un avvenire che pu\u00f2 ancora essere scritto. Sceglie di aprire una nuova pagina fatta di speranza, sogni, sceglie di cambiare il proprio futuro.<\/span><\/p>\n<p>&nbsp;<\/p>\n","protected":false},"featured_media":17893,"comment_status":"open","ping_status":"closed","template":"","meta":{"site-sidebar-layout":"default","site-content-layout":"default","ast-site-content-layout":"default","site-content-style":"default","site-sidebar-style":"default","ast-global-header-display":"","ast-banner-title-visibility":"","ast-main-header-display":"","ast-hfb-above-header-display":"","ast-hfb-below-header-display":"","ast-hfb-mobile-header-display":"","site-post-title":"","ast-breadcrumbs-content":"","ast-featured-img":"","footer-sml-layout":"","theme-transparent-header-meta":"default","adv-header-id-meta":"","stick-header-meta":"","header-above-stick-meta":"","header-main-stick-meta":"","header-below-stick-meta":"","astra-migrate-meta-layouts":"set","ast-page-background-enabled":"default","ast-page-background-meta":{"desktop":{"background-color":"","background-image":"","background-repeat":"repeat","background-position":"center center","background-size":"auto","background-attachment":"scroll","background-type":"","background-media":"","overlay-type":"","overlay-color":"","overlay-opacity":"","overlay-gradient":""},"tablet":{"background-color":"","background-image":"","background-repeat":"repeat","background-position":"center center","background-size":"auto","background-attachment":"scroll","background-type":"","background-media":"","overlay-type":"","overlay-color":"","overlay-opacity":"","overlay-gradient":""},"mobile":{"background-color":"","background-image":"","background-repeat":"repeat","background-position":"center center","background-size":"auto","background-attachment":"scroll","background-type":"","background-media":"","overlay-type":"","overlay-color":"","overlay-opacity":"","overlay-gradient":""}},"ast-content-background-meta":{"desktop":{"background-color":"var(--ast-global-color-5)","background-image":"","background-repeat":"repeat","background-position":"center center","background-size":"auto","background-attachment":"scroll","background-type":"","background-media":"","overlay-type":"","overlay-color":"","overlay-opacity":"","overlay-gradient":""},"tablet":{"background-color":"var(--ast-global-color-5)","background-image":"","background-repeat":"repeat","background-position":"center center","background-size":"auto","background-attachment":"scroll","background-type":"","background-media":"","overlay-type":"","overlay-color":"","overlay-opacity":"","overlay-gradient":""},"mobile":{"background-color":"var(--ast-global-color-5)","background-image":"","background-repeat":"repeat","background-position":"center center","background-size":"auto","background-attachment":"scroll","background-type":"","background-media":"","overlay-type":"","overlay-color":"","overlay-opacity":"","overlay-gradient":""}}},"product_brand":[],"product_cat":[27,26],"product_tag":[],"class_list":{"0":"post-17964","1":"product","2":"type-product","3":"status-publish","4":"has-post-thumbnail","6":"product_cat-t-shirt-uomo","7":"product_cat-man","8":"desktop-align-left","9":"tablet-align-left","10":"mobile-align-left","12":"first","13":"instock","14":"taxable","15":"shipping-taxable","16":"purchasable","17":"product-type-variable"},"yoast_head":"<!-- This site is optimized with the Yoast SEO plugin v27.4 - https:\/\/yoast.com\/product\/yoast-seo-wordpress\/ -->\n<title>T-SHIRT FUTURO uomo | Chessa Lab Store<\/title>\n<meta name=\"description\" content=\"Maglia prodotta interamente in Italia secondo gli standard qualitativi delle officine Chessa Lab. Composizione: 70% cot. 30% jersey di pol. ultra comfort\" \/>\n<meta name=\"robots\" content=\"index, follow, max-snippet:-1, max-image-preview:large, max-video-preview:-1\" \/>\n<link rel=\"canonical\" href=\"https:\/\/www.chessalab.it\/chessalabshop\/prodotto\/t-shirt-futuro-uomo\/\" \/>\n<meta property=\"og:locale\" content=\"it_IT\" \/>\n<meta property=\"og:type\" content=\"article\" \/>\n<meta property=\"og:title\" content=\"T-SHIRT FUTURO uomo | Chessa Lab Store\" \/>\n<meta property=\"og:description\" content=\"Maglia prodotta interamente in Italia secondo gli standard qualitativi delle officine Chessa Lab. Composizione: 70% cot. 30% jersey di pol. ultra comfort\" \/>\n<meta property=\"og:url\" content=\"https:\/\/www.chessalab.it\/chessalabshop\/prodotto\/t-shirt-futuro-uomo\/\" \/>\n<meta property=\"og:site_name\" content=\"Chessa Lab Store\" \/>\n<meta property=\"article:publisher\" content=\"https:\/\/www.facebook.com\/chessalab\" \/>\n<meta property=\"article:modified_time\" content=\"2023-11-23T17:26:06+00:00\" \/>\n<meta property=\"og:image\" content=\"https:\/\/www.chessalab.it\/chessalabshop\/wp-content\/uploads\/2023\/05\/903-SOCIAL-UOMO-FUTURO-chessa-lab-2023-dis.jpg\" \/>\n\t<meta property=\"og:image:width\" content=\"2480\" \/>\n\t<meta property=\"og:image:height\" content=\"2480\" \/>\n\t<meta property=\"og:image:type\" content=\"image\/jpeg\" \/>\n<meta name=\"twitter:card\" content=\"summary_large_image\" \/>\n<meta name=\"twitter:site\" content=\"@ChessaLab\" \/>\n<meta name=\"twitter:label1\" content=\"Tempo di lettura stimato\" \/>\n\t<meta name=\"twitter:data1\" content=\"1 minuto\" \/>\n<script type=\"application\/ld+json\" class=\"yoast-schema-graph\">{\"@context\":\"https:\\\/\\\/schema.org\",\"@graph\":[{\"@type\":\"WebPage\",\"@id\":\"https:\\\/\\\/www.chessalab.it\\\/chessalabshop\\\/prodotto\\\/t-shirt-futuro-uomo\\\/\",\"url\":\"https:\\\/\\\/www.chessalab.it\\\/chessalabshop\\\/prodotto\\\/t-shirt-futuro-uomo\\\/\",\"name\":\"T-SHIRT FUTURO uomo | Chessa Lab Store\",\"isPartOf\":{\"@id\":\"https:\\\/\\\/www.chessalab.it\\\/chessalabshop\\\/#website\"},\"primaryImageOfPage\":{\"@id\":\"https:\\\/\\\/www.chessalab.it\\\/chessalabshop\\\/prodotto\\\/t-shirt-futuro-uomo\\\/#primaryimage\"},\"image\":{\"@id\":\"https:\\\/\\\/www.chessalab.it\\\/chessalabshop\\\/prodotto\\\/t-shirt-futuro-uomo\\\/#primaryimage\"},\"thumbnailUrl\":\"https:\\\/\\\/www.chessalab.it\\\/chessalabshop\\\/wp-content\\\/uploads\\\/2023\\\/05\\\/903-SOCIAL-UOMO-FUTURO-chessa-lab-2023-dis.jpg\",\"datePublished\":\"2023-05-04T14:17:54+00:00\",\"dateModified\":\"2023-11-23T17:26:06+00:00\",\"description\":\"Maglia prodotta interamente in Italia secondo gli standard qualitativi delle officine Chessa Lab. Composizione: 70% cot. 30% jersey di pol. ultra comfort\",\"breadcrumb\":{\"@id\":\"https:\\\/\\\/www.chessalab.it\\\/chessalabshop\\\/prodotto\\\/t-shirt-futuro-uomo\\\/#breadcrumb\"},\"inLanguage\":\"it-IT\",\"potentialAction\":[{\"@type\":\"ReadAction\",\"target\":[\"https:\\\/\\\/www.chessalab.it\\\/chessalabshop\\\/prodotto\\\/t-shirt-futuro-uomo\\\/\"]}]},{\"@type\":\"ImageObject\",\"inLanguage\":\"it-IT\",\"@id\":\"https:\\\/\\\/www.chessalab.it\\\/chessalabshop\\\/prodotto\\\/t-shirt-futuro-uomo\\\/#primaryimage\",\"url\":\"https:\\\/\\\/www.chessalab.it\\\/chessalabshop\\\/wp-content\\\/uploads\\\/2023\\\/05\\\/903-SOCIAL-UOMO-FUTURO-chessa-lab-2023-dis.jpg\",\"contentUrl\":\"https:\\\/\\\/www.chessalab.it\\\/chessalabshop\\\/wp-content\\\/uploads\\\/2023\\\/05\\\/903-SOCIAL-UOMO-FUTURO-chessa-lab-2023-dis.jpg\",\"width\":2480,\"height\":2480},{\"@type\":\"BreadcrumbList\",\"@id\":\"https:\\\/\\\/www.chessalab.it\\\/chessalabshop\\\/prodotto\\\/t-shirt-futuro-uomo\\\/#breadcrumb\",\"itemListElement\":[{\"@type\":\"ListItem\",\"position\":1,\"name\":\"Home\",\"item\":\"https:\\\/\\\/www.chessalab.it\\\/chessalabshop\\\/\"},{\"@type\":\"ListItem\",\"position\":2,\"name\":\"Shop_New\",\"item\":\"https:\\\/\\\/www.chessalab.it\\\/chessalabshop\\\/shop_new\\\/\"},{\"@type\":\"ListItem\",\"position\":3,\"name\":\"T-SHIRT FUTURO uomo\"}]},{\"@type\":\"WebSite\",\"@id\":\"https:\\\/\\\/www.chessalab.it\\\/chessalabshop\\\/#website\",\"url\":\"https:\\\/\\\/www.chessalab.it\\\/chessalabshop\\\/\",\"name\":\"Chessa Lab Store\",\"description\":\"\",\"publisher\":{\"@id\":\"https:\\\/\\\/www.chessalab.it\\\/chessalabshop\\\/#organization\"},\"potentialAction\":[{\"@type\":\"SearchAction\",\"target\":{\"@type\":\"EntryPoint\",\"urlTemplate\":\"https:\\\/\\\/www.chessalab.it\\\/chessalabshop\\\/?s={search_term_string}\"},\"query-input\":{\"@type\":\"PropertyValueSpecification\",\"valueRequired\":true,\"valueName\":\"search_term_string\"}}],\"inLanguage\":\"it-IT\"},{\"@type\":\"Organization\",\"@id\":\"https:\\\/\\\/www.chessalab.it\\\/chessalabshop\\\/#organization\",\"name\":\"Chessa Lab\",\"url\":\"https:\\\/\\\/www.chessalab.it\\\/chessalabshop\\\/\",\"logo\":{\"@type\":\"ImageObject\",\"inLanguage\":\"it-IT\",\"@id\":\"https:\\\/\\\/www.chessalab.it\\\/chessalabshop\\\/#\\\/schema\\\/logo\\\/image\\\/\",\"url\":\"https:\\\/\\\/www.chessalab.it\\\/chessalabshop\\\/wp-content\\\/uploads\\\/2015\\\/06\\\/120x120-definitivo-ultimo.png\",\"contentUrl\":\"https:\\\/\\\/www.chessalab.it\\\/chessalabshop\\\/wp-content\\\/uploads\\\/2015\\\/06\\\/120x120-definitivo-ultimo.png\",\"width\":120,\"height\":120,\"caption\":\"Chessa Lab\"},\"image\":{\"@id\":\"https:\\\/\\\/www.chessalab.it\\\/chessalabshop\\\/#\\\/schema\\\/logo\\\/image\\\/\"},\"sameAs\":[\"https:\\\/\\\/www.facebook.com\\\/chessalab\",\"https:\\\/\\\/x.com\\\/ChessaLab\",\"https:\\\/\\\/www.instagram.com\\\/chessalab_official\\\/\",\"https:\\\/\\\/www.pinterest.it\\\/chessalab\\\/\"]}]}<\/script>\n<!-- \/ Yoast SEO plugin. -->","yoast_head_json":{"title":"T-SHIRT FUTURO uomo | Chessa Lab Store","description":"Maglia prodotta interamente in Italia secondo gli standard qualitativi delle officine Chessa Lab. Composizione: 70% cot. 30% jersey di pol. ultra comfort","robots":{"index":"index","follow":"follow","max-snippet":"max-snippet:-1","max-image-preview":"max-image-preview:large","max-video-preview":"max-video-preview:-1"},"canonical":"https:\/\/www.chessalab.it\/chessalabshop\/prodotto\/t-shirt-futuro-uomo\/","og_locale":"it_IT","og_type":"article","og_title":"T-SHIRT FUTURO uomo | Chessa Lab Store","og_description":"Maglia prodotta interamente in Italia secondo gli standard qualitativi delle officine Chessa Lab. Composizione: 70% cot. 30% jersey di pol. ultra comfort","og_url":"https:\/\/www.chessalab.it\/chessalabshop\/prodotto\/t-shirt-futuro-uomo\/","og_site_name":"Chessa Lab Store","article_publisher":"https:\/\/www.facebook.com\/chessalab","article_modified_time":"2023-11-23T17:26:06+00:00","og_image":[{"width":2480,"height":2480,"url":"https:\/\/www.chessalab.it\/chessalabshop\/wp-content\/uploads\/2023\/05\/903-SOCIAL-UOMO-FUTURO-chessa-lab-2023-dis.jpg","type":"image\/jpeg"}],"twitter_card":"summary_large_image","twitter_site":"@ChessaLab","twitter_misc":{"Tempo di lettura stimato":"1 minuto"},"schema":{"@context":"https:\/\/schema.org","@graph":[{"@type":"WebPage","@id":"https:\/\/www.chessalab.it\/chessalabshop\/prodotto\/t-shirt-futuro-uomo\/","url":"https:\/\/www.chessalab.it\/chessalabshop\/prodotto\/t-shirt-futuro-uomo\/","name":"T-SHIRT FUTURO uomo | Chessa Lab Store","isPartOf":{"@id":"https:\/\/www.chessalab.it\/chessalabshop\/#website"},"primaryImageOfPage":{"@id":"https:\/\/www.chessalab.it\/chessalabshop\/prodotto\/t-shirt-futuro-uomo\/#primaryimage"},"image":{"@id":"https:\/\/www.chessalab.it\/chessalabshop\/prodotto\/t-shirt-futuro-uomo\/#primaryimage"},"thumbnailUrl":"https:\/\/www.chessalab.it\/chessalabshop\/wp-content\/uploads\/2023\/05\/903-SOCIAL-UOMO-FUTURO-chessa-lab-2023-dis.jpg","datePublished":"2023-05-04T14:17:54+00:00","dateModified":"2023-11-23T17:26:06+00:00","description":"Maglia prodotta interamente in Italia secondo gli standard qualitativi delle officine Chessa Lab. Composizione: 70% cot. 30% jersey di pol. ultra comfort","breadcrumb":{"@id":"https:\/\/www.chessalab.it\/chessalabshop\/prodotto\/t-shirt-futuro-uomo\/#breadcrumb"},"inLanguage":"it-IT","potentialAction":[{"@type":"ReadAction","target":["https:\/\/www.chessalab.it\/chessalabshop\/prodotto\/t-shirt-futuro-uomo\/"]}]},{"@type":"ImageObject","inLanguage":"it-IT","@id":"https:\/\/www.chessalab.it\/chessalabshop\/prodotto\/t-shirt-futuro-uomo\/#primaryimage","url":"https:\/\/www.chessalab.it\/chessalabshop\/wp-content\/uploads\/2023\/05\/903-SOCIAL-UOMO-FUTURO-chessa-lab-2023-dis.jpg","contentUrl":"https:\/\/www.chessalab.it\/chessalabshop\/wp-content\/uploads\/2023\/05\/903-SOCIAL-UOMO-FUTURO-chessa-lab-2023-dis.jpg","width":2480,"height":2480},{"@type":"BreadcrumbList","@id":"https:\/\/www.chessalab.it\/chessalabshop\/prodotto\/t-shirt-futuro-uomo\/#breadcrumb","itemListElement":[{"@type":"ListItem","position":1,"name":"Home","item":"https:\/\/www.chessalab.it\/chessalabshop\/"},{"@type":"ListItem","position":2,"name":"Shop_New","item":"https:\/\/www.chessalab.it\/chessalabshop\/shop_new\/"},{"@type":"ListItem","position":3,"name":"T-SHIRT FUTURO uomo"}]},{"@type":"WebSite","@id":"https:\/\/www.chessalab.it\/chessalabshop\/#website","url":"https:\/\/www.chessalab.it\/chessalabshop\/","name":"Chessa Lab Store","description":"","publisher":{"@id":"https:\/\/www.chessalab.it\/chessalabshop\/#organization"},"potentialAction":[{"@type":"SearchAction","target":{"@type":"EntryPoint","urlTemplate":"https:\/\/www.chessalab.it\/chessalabshop\/?s={search_term_string}"},"query-input":{"@type":"PropertyValueSpecification","valueRequired":true,"valueName":"search_term_string"}}],"inLanguage":"it-IT"},{"@type":"Organization","@id":"https:\/\/www.chessalab.it\/chessalabshop\/#organization","name":"Chessa Lab","url":"https:\/\/www.chessalab.it\/chessalabshop\/","logo":{"@type":"ImageObject","inLanguage":"it-IT","@id":"https:\/\/www.chessalab.it\/chessalabshop\/#\/schema\/logo\/image\/","url":"https:\/\/www.chessalab.it\/chessalabshop\/wp-content\/uploads\/2015\/06\/120x120-definitivo-ultimo.png","contentUrl":"https:\/\/www.chessalab.it\/chessalabshop\/wp-content\/uploads\/2015\/06\/120x120-definitivo-ultimo.png","width":120,"height":120,"caption":"Chessa Lab"},"image":{"@id":"https:\/\/www.chessalab.it\/chessalabshop\/#\/schema\/logo\/image\/"},"sameAs":["https:\/\/www.facebook.com\/chessalab","https:\/\/x.com\/ChessaLab","https:\/\/www.instagram.com\/chessalab_official\/","https:\/\/www.pinterest.it\/chessalab\/"]}]}},"_links":{"self":[{"href":"https:\/\/www.chessalab.it\/chessalabshop\/wp-json\/wp\/v2\/product\/17964","targetHints":{"allow":["GET"]}}],"collection":[{"href":"https:\/\/www.chessalab.it\/chessalabshop\/wp-json\/wp\/v2\/product"}],"about":[{"href":"https:\/\/www.chessalab.it\/chessalabshop\/wp-json\/wp\/v2\/types\/product"}],"replies":[{"embeddable":true,"href":"https:\/\/www.chessalab.it\/chessalabshop\/wp-json\/wp\/v2\/comments?post=17964"}],"version-history":[{"count":3,"href":"https:\/\/www.chessalab.it\/chessalabshop\/wp-json\/wp\/v2\/product\/17964\/revisions"}],"predecessor-version":[{"id":18563,"href":"https:\/\/www.chessalab.it\/chessalabshop\/wp-json\/wp\/v2\/product\/17964\/revisions\/18563"}],"wp:featuredmedia":[{"embeddable":true,"href":"https:\/\/www.chessalab.it\/chessalabshop\/wp-json\/wp\/v2\/media\/17893"}],"wp:attachment":[{"href":"https:\/\/www.chessalab.it\/chessalabshop\/wp-json\/wp\/v2\/media?parent=17964"}],"wp:term":[{"taxonomy":"product_brand","embeddable":true,"href":"https:\/\/www.chessalab.it\/chessalabshop\/wp-json\/wp\/v2\/product_brand?post=17964"},{"taxonomy":"product_cat","embeddable":true,"href":"https:\/\/www.chessalab.it\/chessalabshop\/wp-json\/wp\/v2\/product_cat?post=17964"},{"taxonomy":"product_tag","embeddable":true,"href":"https:\/\/www.chessalab.it\/chessalabshop\/wp-json\/wp\/v2\/product_tag?post=17964"}],"curies":[{"name":"wp","href":"https:\/\/api.w.org\/{rel}","templated":true}]}}