{"id":19911,"date":"2025-05-07T19:54:28","date_gmt":"2025-05-07T17:54:28","guid":{"rendered":"https:\/\/www.chessalab.it\/chessalabshop\/?post_type=product&#038;p=19911"},"modified":"2025-05-20T20:15:56","modified_gmt":"2025-05-20T18:15:56","slug":"t-shirt-kite-meri-donna","status":"publish","type":"product","link":"https:\/\/www.chessalab.it\/chessalabshop\/prodotto\/t-shirt-kite-meri-donna\/","title":{"rendered":"T-SHIRT KITE MERI donna"},"content":{"rendered":"<p>MAGLIA PRODOTTA INTERAMENTE IN ITALIA SECONDO GLI STANDARD QUALITATIVI DELLE OFFICINE CHESSA LAB.<\/p>\n<p>Disponibile nelle taglie unisex: -XXS -XS -S -M -L -XL -XXL &#8211; OVER (La taglia OVER di questo modello ha una vestibilit\u00e0 molto abbondante).<\/p>\n<p>Vestibilit\u00e0 Uomo: accostata<br \/>\nDonna: consigliamo di optare su una taglia inferiore.<\/p>\n<p>1\u00b0CAMBIO TAGLIA GRATUITO<br \/>\nComposizione: 70% cot. 30% jersey di pol. ultra comfort<\/p>\n","protected":false},"excerpt":{"rendered":"<p>Kite Meri<\/p>\n<p><span style=\"font-weight: 400;\">Da sempre, per sempre. Non si piega, non si spezza, non si compra. \u00c8 energia, \u00e8 ritmo, \u00e8 la voce di chi non si lascia incatenare. Il vento \u00e8 spirito libero, ribelle, immortale. E cos\u00ec deve restare.<\/span><\/p>\n<p>&nbsp;<\/p>\n","protected":false},"featured_media":19777,"comment_status":"open","ping_status":"closed","template":"","meta":{"site-sidebar-layout":"default","site-content-layout":"default","ast-site-content-layout":"default","site-content-style":"default","site-sidebar-style":"default","ast-global-header-display":"","ast-banner-title-visibility":"","ast-main-header-display":"","ast-hfb-above-header-display":"","ast-hfb-below-header-display":"","ast-hfb-mobile-header-display":"","site-post-title":"","ast-breadcrumbs-content":"","ast-featured-img":"","footer-sml-layout":"","theme-transparent-header-meta":"default","adv-header-id-meta":"","stick-header-meta":"","header-above-stick-meta":"","header-main-stick-meta":"","header-below-stick-meta":"","astra-migrate-meta-layouts":"set","ast-page-background-enabled":"default","ast-page-background-meta":{"desktop":{"background-color":"","background-image":"","background-repeat":"repeat","background-position":"center center","background-size":"auto","background-attachment":"scroll","background-type":"","background-media":"","overlay-type":"","overlay-color":"","overlay-opacity":"","overlay-gradient":""},"tablet":{"background-color":"","background-image":"","background-repeat":"repeat","background-position":"center center","background-size":"auto","background-attachment":"scroll","background-type":"","background-media":"","overlay-type":"","overlay-color":"","overlay-opacity":"","overlay-gradient":""},"mobile":{"background-color":"","background-image":"","background-repeat":"repeat","background-position":"center center","background-size":"auto","background-attachment":"scroll","background-type":"","background-media":"","overlay-type":"","overlay-color":"","overlay-opacity":"","overlay-gradient":""}},"ast-content-background-meta":{"desktop":{"background-color":"var(--ast-global-color-5)","background-image":"","background-repeat":"repeat","background-position":"center center","background-size":"auto","background-attachment":"scroll","background-type":"","background-media":"","overlay-type":"","overlay-color":"","overlay-opacity":"","overlay-gradient":""},"tablet":{"background-color":"var(--ast-global-color-5)","background-image":"","background-repeat":"repeat","background-position":"center center","background-size":"auto","background-attachment":"scroll","background-type":"","background-media":"","overlay-type":"","overlay-color":"","overlay-opacity":"","overlay-gradient":""},"mobile":{"background-color":"var(--ast-global-color-5)","background-image":"","background-repeat":"repeat","background-position":"center center","background-size":"auto","background-attachment":"scroll","background-type":"","background-media":"","overlay-type":"","overlay-color":"","overlay-opacity":"","overlay-gradient":""}}},"product_brand":[],"product_cat":[8,28],"product_tag":[],"class_list":{"0":"post-19911","1":"product","2":"type-product","3":"status-publish","4":"has-post-thumbnail","6":"product_cat-donna","7":"product_cat-t-shirt-donna","8":"desktop-align-left","9":"tablet-align-left","10":"mobile-align-left","12":"first","13":"instock","14":"taxable","15":"shipping-taxable","16":"purchasable","17":"product-type-variable"},"yoast_head":"<!-- This site is optimized with the Yoast SEO plugin v27.4 - https:\/\/yoast.com\/product\/yoast-seo-wordpress\/ -->\n<title>T-SHIRT KITE MERI donna | Chessa Lab Store<\/title>\n<meta name=\"description\" content=\"Maglia prodotta interamente in Italia secondo gli standard qualitativi delle officine Chessa Lab. Composizione: 70% cot. 30% jersey di pol. ultra comfort\" \/>\n<meta name=\"robots\" content=\"index, follow, max-snippet:-1, max-image-preview:large, max-video-preview:-1\" \/>\n<link rel=\"canonical\" href=\"https:\/\/www.chessalab.it\/chessalabshop\/prodotto\/t-shirt-kite-meri-donna\/\" \/>\n<meta property=\"og:locale\" content=\"it_IT\" \/>\n<meta property=\"og:type\" content=\"article\" \/>\n<meta property=\"og:title\" content=\"T-SHIRT KITE MERI donna | Chessa Lab Store\" \/>\n<meta property=\"og:description\" content=\"Maglia prodotta interamente in Italia secondo gli standard qualitativi delle officine Chessa Lab. Composizione: 70% cot. 30% jersey di pol. ultra comfort\" \/>\n<meta property=\"og:url\" content=\"https:\/\/www.chessalab.it\/chessalabshop\/prodotto\/t-shirt-kite-meri-donna\/\" \/>\n<meta property=\"og:site_name\" content=\"Chessa Lab Store\" \/>\n<meta property=\"article:publisher\" content=\"https:\/\/www.facebook.com\/chessalab\" \/>\n<meta property=\"article:modified_time\" content=\"2025-05-20T18:15:56+00:00\" \/>\n<meta property=\"og:image\" content=\"https:\/\/www.chessalab.it\/chessalabshop\/wp-content\/uploads\/2024\/05\/KITE-MERI-chessa-lab-donna-2025-scaled.jpg\" \/>\n\t<meta property=\"og:image:width\" content=\"2560\" \/>\n\t<meta property=\"og:image:height\" content=\"2560\" \/>\n\t<meta property=\"og:image:type\" content=\"image\/jpeg\" \/>\n<meta name=\"twitter:card\" content=\"summary_large_image\" \/>\n<meta name=\"twitter:site\" content=\"@ChessaLab\" \/>\n<meta name=\"twitter:label1\" content=\"Tempo di lettura stimato\" \/>\n\t<meta name=\"twitter:data1\" content=\"1 minuto\" \/>\n<script type=\"application\/ld+json\" class=\"yoast-schema-graph\">{\"@context\":\"https:\\\/\\\/schema.org\",\"@graph\":[{\"@type\":\"WebPage\",\"@id\":\"https:\\\/\\\/www.chessalab.it\\\/chessalabshop\\\/prodotto\\\/t-shirt-kite-meri-donna\\\/\",\"url\":\"https:\\\/\\\/www.chessalab.it\\\/chessalabshop\\\/prodotto\\\/t-shirt-kite-meri-donna\\\/\",\"name\":\"T-SHIRT KITE MERI donna | Chessa Lab Store\",\"isPartOf\":{\"@id\":\"https:\\\/\\\/www.chessalab.it\\\/chessalabshop\\\/#website\"},\"primaryImageOfPage\":{\"@id\":\"https:\\\/\\\/www.chessalab.it\\\/chessalabshop\\\/prodotto\\\/t-shirt-kite-meri-donna\\\/#primaryimage\"},\"image\":{\"@id\":\"https:\\\/\\\/www.chessalab.it\\\/chessalabshop\\\/prodotto\\\/t-shirt-kite-meri-donna\\\/#primaryimage\"},\"thumbnailUrl\":\"https:\\\/\\\/www.chessalab.it\\\/chessalabshop\\\/wp-content\\\/uploads\\\/2024\\\/05\\\/KITE-MERI-chessa-lab-donna-2025-scaled.jpg\",\"datePublished\":\"2025-05-07T17:54:28+00:00\",\"dateModified\":\"2025-05-20T18:15:56+00:00\",\"description\":\"Maglia prodotta interamente in Italia secondo gli standard qualitativi delle officine Chessa Lab. Composizione: 70% cot. 30% jersey di pol. ultra comfort\",\"breadcrumb\":{\"@id\":\"https:\\\/\\\/www.chessalab.it\\\/chessalabshop\\\/prodotto\\\/t-shirt-kite-meri-donna\\\/#breadcrumb\"},\"inLanguage\":\"it-IT\",\"potentialAction\":[{\"@type\":\"ReadAction\",\"target\":[\"https:\\\/\\\/www.chessalab.it\\\/chessalabshop\\\/prodotto\\\/t-shirt-kite-meri-donna\\\/\"]}]},{\"@type\":\"ImageObject\",\"inLanguage\":\"it-IT\",\"@id\":\"https:\\\/\\\/www.chessalab.it\\\/chessalabshop\\\/prodotto\\\/t-shirt-kite-meri-donna\\\/#primaryimage\",\"url\":\"https:\\\/\\\/www.chessalab.it\\\/chessalabshop\\\/wp-content\\\/uploads\\\/2024\\\/05\\\/KITE-MERI-chessa-lab-donna-2025-scaled.jpg\",\"contentUrl\":\"https:\\\/\\\/www.chessalab.it\\\/chessalabshop\\\/wp-content\\\/uploads\\\/2024\\\/05\\\/KITE-MERI-chessa-lab-donna-2025-scaled.jpg\",\"width\":2560,\"height\":2560},{\"@type\":\"BreadcrumbList\",\"@id\":\"https:\\\/\\\/www.chessalab.it\\\/chessalabshop\\\/prodotto\\\/t-shirt-kite-meri-donna\\\/#breadcrumb\",\"itemListElement\":[{\"@type\":\"ListItem\",\"position\":1,\"name\":\"Home\",\"item\":\"https:\\\/\\\/www.chessalab.it\\\/chessalabshop\\\/\"},{\"@type\":\"ListItem\",\"position\":2,\"name\":\"Shop_New\",\"item\":\"https:\\\/\\\/www.chessalab.it\\\/chessalabshop\\\/shop_new\\\/\"},{\"@type\":\"ListItem\",\"position\":3,\"name\":\"T-SHIRT KITE MERI donna\"}]},{\"@type\":\"WebSite\",\"@id\":\"https:\\\/\\\/www.chessalab.it\\\/chessalabshop\\\/#website\",\"url\":\"https:\\\/\\\/www.chessalab.it\\\/chessalabshop\\\/\",\"name\":\"Chessa Lab Store\",\"description\":\"\",\"publisher\":{\"@id\":\"https:\\\/\\\/www.chessalab.it\\\/chessalabshop\\\/#organization\"},\"potentialAction\":[{\"@type\":\"SearchAction\",\"target\":{\"@type\":\"EntryPoint\",\"urlTemplate\":\"https:\\\/\\\/www.chessalab.it\\\/chessalabshop\\\/?s={search_term_string}\"},\"query-input\":{\"@type\":\"PropertyValueSpecification\",\"valueRequired\":true,\"valueName\":\"search_term_string\"}}],\"inLanguage\":\"it-IT\"},{\"@type\":\"Organization\",\"@id\":\"https:\\\/\\\/www.chessalab.it\\\/chessalabshop\\\/#organization\",\"name\":\"Chessa Lab\",\"url\":\"https:\\\/\\\/www.chessalab.it\\\/chessalabshop\\\/\",\"logo\":{\"@type\":\"ImageObject\",\"inLanguage\":\"it-IT\",\"@id\":\"https:\\\/\\\/www.chessalab.it\\\/chessalabshop\\\/#\\\/schema\\\/logo\\\/image\\\/\",\"url\":\"https:\\\/\\\/www.chessalab.it\\\/chessalabshop\\\/wp-content\\\/uploads\\\/2015\\\/06\\\/120x120-definitivo-ultimo.png\",\"contentUrl\":\"https:\\\/\\\/www.chessalab.it\\\/chessalabshop\\\/wp-content\\\/uploads\\\/2015\\\/06\\\/120x120-definitivo-ultimo.png\",\"width\":120,\"height\":120,\"caption\":\"Chessa Lab\"},\"image\":{\"@id\":\"https:\\\/\\\/www.chessalab.it\\\/chessalabshop\\\/#\\\/schema\\\/logo\\\/image\\\/\"},\"sameAs\":[\"https:\\\/\\\/www.facebook.com\\\/chessalab\",\"https:\\\/\\\/x.com\\\/ChessaLab\",\"https:\\\/\\\/www.instagram.com\\\/chessalab_official\\\/\",\"https:\\\/\\\/www.pinterest.it\\\/chessalab\\\/\"]}]}<\/script>\n<!-- \/ Yoast SEO plugin. -->","yoast_head_json":{"title":"T-SHIRT KITE MERI donna | Chessa Lab Store","description":"Maglia prodotta interamente in Italia secondo gli standard qualitativi delle officine Chessa Lab. Composizione: 70% cot. 30% jersey di pol. ultra comfort","robots":{"index":"index","follow":"follow","max-snippet":"max-snippet:-1","max-image-preview":"max-image-preview:large","max-video-preview":"max-video-preview:-1"},"canonical":"https:\/\/www.chessalab.it\/chessalabshop\/prodotto\/t-shirt-kite-meri-donna\/","og_locale":"it_IT","og_type":"article","og_title":"T-SHIRT KITE MERI donna | Chessa Lab Store","og_description":"Maglia prodotta interamente in Italia secondo gli standard qualitativi delle officine Chessa Lab. Composizione: 70% cot. 30% jersey di pol. ultra comfort","og_url":"https:\/\/www.chessalab.it\/chessalabshop\/prodotto\/t-shirt-kite-meri-donna\/","og_site_name":"Chessa Lab Store","article_publisher":"https:\/\/www.facebook.com\/chessalab","article_modified_time":"2025-05-20T18:15:56+00:00","og_image":[{"width":2560,"height":2560,"url":"https:\/\/www.chessalab.it\/chessalabshop\/wp-content\/uploads\/2024\/05\/KITE-MERI-chessa-lab-donna-2025-scaled.jpg","type":"image\/jpeg"}],"twitter_card":"summary_large_image","twitter_site":"@ChessaLab","twitter_misc":{"Tempo di lettura stimato":"1 minuto"},"schema":{"@context":"https:\/\/schema.org","@graph":[{"@type":"WebPage","@id":"https:\/\/www.chessalab.it\/chessalabshop\/prodotto\/t-shirt-kite-meri-donna\/","url":"https:\/\/www.chessalab.it\/chessalabshop\/prodotto\/t-shirt-kite-meri-donna\/","name":"T-SHIRT KITE MERI donna | Chessa Lab Store","isPartOf":{"@id":"https:\/\/www.chessalab.it\/chessalabshop\/#website"},"primaryImageOfPage":{"@id":"https:\/\/www.chessalab.it\/chessalabshop\/prodotto\/t-shirt-kite-meri-donna\/#primaryimage"},"image":{"@id":"https:\/\/www.chessalab.it\/chessalabshop\/prodotto\/t-shirt-kite-meri-donna\/#primaryimage"},"thumbnailUrl":"https:\/\/www.chessalab.it\/chessalabshop\/wp-content\/uploads\/2024\/05\/KITE-MERI-chessa-lab-donna-2025-scaled.jpg","datePublished":"2025-05-07T17:54:28+00:00","dateModified":"2025-05-20T18:15:56+00:00","description":"Maglia prodotta interamente in Italia secondo gli standard qualitativi delle officine Chessa Lab. Composizione: 70% cot. 30% jersey di pol. ultra comfort","breadcrumb":{"@id":"https:\/\/www.chessalab.it\/chessalabshop\/prodotto\/t-shirt-kite-meri-donna\/#breadcrumb"},"inLanguage":"it-IT","potentialAction":[{"@type":"ReadAction","target":["https:\/\/www.chessalab.it\/chessalabshop\/prodotto\/t-shirt-kite-meri-donna\/"]}]},{"@type":"ImageObject","inLanguage":"it-IT","@id":"https:\/\/www.chessalab.it\/chessalabshop\/prodotto\/t-shirt-kite-meri-donna\/#primaryimage","url":"https:\/\/www.chessalab.it\/chessalabshop\/wp-content\/uploads\/2024\/05\/KITE-MERI-chessa-lab-donna-2025-scaled.jpg","contentUrl":"https:\/\/www.chessalab.it\/chessalabshop\/wp-content\/uploads\/2024\/05\/KITE-MERI-chessa-lab-donna-2025-scaled.jpg","width":2560,"height":2560},{"@type":"BreadcrumbList","@id":"https:\/\/www.chessalab.it\/chessalabshop\/prodotto\/t-shirt-kite-meri-donna\/#breadcrumb","itemListElement":[{"@type":"ListItem","position":1,"name":"Home","item":"https:\/\/www.chessalab.it\/chessalabshop\/"},{"@type":"ListItem","position":2,"name":"Shop_New","item":"https:\/\/www.chessalab.it\/chessalabshop\/shop_new\/"},{"@type":"ListItem","position":3,"name":"T-SHIRT KITE MERI donna"}]},{"@type":"WebSite","@id":"https:\/\/www.chessalab.it\/chessalabshop\/#website","url":"https:\/\/www.chessalab.it\/chessalabshop\/","name":"Chessa Lab Store","description":"","publisher":{"@id":"https:\/\/www.chessalab.it\/chessalabshop\/#organization"},"potentialAction":[{"@type":"SearchAction","target":{"@type":"EntryPoint","urlTemplate":"https:\/\/www.chessalab.it\/chessalabshop\/?s={search_term_string}"},"query-input":{"@type":"PropertyValueSpecification","valueRequired":true,"valueName":"search_term_string"}}],"inLanguage":"it-IT"},{"@type":"Organization","@id":"https:\/\/www.chessalab.it\/chessalabshop\/#organization","name":"Chessa Lab","url":"https:\/\/www.chessalab.it\/chessalabshop\/","logo":{"@type":"ImageObject","inLanguage":"it-IT","@id":"https:\/\/www.chessalab.it\/chessalabshop\/#\/schema\/logo\/image\/","url":"https:\/\/www.chessalab.it\/chessalabshop\/wp-content\/uploads\/2015\/06\/120x120-definitivo-ultimo.png","contentUrl":"https:\/\/www.chessalab.it\/chessalabshop\/wp-content\/uploads\/2015\/06\/120x120-definitivo-ultimo.png","width":120,"height":120,"caption":"Chessa Lab"},"image":{"@id":"https:\/\/www.chessalab.it\/chessalabshop\/#\/schema\/logo\/image\/"},"sameAs":["https:\/\/www.facebook.com\/chessalab","https:\/\/x.com\/ChessaLab","https:\/\/www.instagram.com\/chessalab_official\/","https:\/\/www.pinterest.it\/chessalab\/"]}]}},"_links":{"self":[{"href":"https:\/\/www.chessalab.it\/chessalabshop\/wp-json\/wp\/v2\/product\/19911","targetHints":{"allow":["GET"]}}],"collection":[{"href":"https:\/\/www.chessalab.it\/chessalabshop\/wp-json\/wp\/v2\/product"}],"about":[{"href":"https:\/\/www.chessalab.it\/chessalabshop\/wp-json\/wp\/v2\/types\/product"}],"replies":[{"embeddable":true,"href":"https:\/\/www.chessalab.it\/chessalabshop\/wp-json\/wp\/v2\/comments?post=19911"}],"version-history":[{"count":2,"href":"https:\/\/www.chessalab.it\/chessalabshop\/wp-json\/wp\/v2\/product\/19911\/revisions"}],"predecessor-version":[{"id":20078,"href":"https:\/\/www.chessalab.it\/chessalabshop\/wp-json\/wp\/v2\/product\/19911\/revisions\/20078"}],"wp:featuredmedia":[{"embeddable":true,"href":"https:\/\/www.chessalab.it\/chessalabshop\/wp-json\/wp\/v2\/media\/19777"}],"wp:attachment":[{"href":"https:\/\/www.chessalab.it\/chessalabshop\/wp-json\/wp\/v2\/media?parent=19911"}],"wp:term":[{"taxonomy":"product_brand","embeddable":true,"href":"https:\/\/www.chessalab.it\/chessalabshop\/wp-json\/wp\/v2\/product_brand?post=19911"},{"taxonomy":"product_cat","embeddable":true,"href":"https:\/\/www.chessalab.it\/chessalabshop\/wp-json\/wp\/v2\/product_cat?post=19911"},{"taxonomy":"product_tag","embeddable":true,"href":"https:\/\/www.chessalab.it\/chessalabshop\/wp-json\/wp\/v2\/product_tag?post=19911"}],"curies":[{"name":"wp","href":"https:\/\/api.w.org\/{rel}","templated":true}]}}