{"id":20121,"date":"2025-05-30T12:11:08","date_gmt":"2025-05-30T10:11:08","guid":{"rendered":"https:\/\/www.chessalab.it\/chessalabshop\/?post_type=product&#038;p=20121"},"modified":"2025-05-30T19:28:52","modified_gmt":"2025-05-30T17:28:52","slug":"telo-mare-a-foras","status":"publish","type":"product","link":"https:\/\/www.chessalab.it\/chessalabshop\/prodotto\/telo-mare-a-foras\/","title":{"rendered":"TELO MARE &#8220;A Foras&#8221;"},"content":{"rendered":"<p>TELO MARE PRODOTTO SECONDO GLI STANDARD QUALITATIVI DELLE OFFICINE CHESSA LAB.<\/p>\n<p>MISURA UNICA<\/p>\n<ul>\n<li>Fronte Microfibra<\/li>\n<li>Retro Spugna 100% Cotone<\/li>\n<\/ul>\n<p>&nbsp;<\/p>\n<p>Spedizione GRATUITA.<\/p>\n","protected":false},"excerpt":{"rendered":"<p>A Foras<\/p>\n<p><span style=\"font-weight: 400;\">Con le mani segnate dal tempo, le spalle temprate dalla vita e la tenacia di chi ha affrontato ogni battaglia, scrive sul muro ci\u00f2 che tutti sanno, ma pochi osano dire. Questa terra non si cede. Non si svende. Non si piega. La lotta non ha et\u00e0. La libert\u00e0 non ha padroni. A foras. Fuori chi non la rispetta.<\/span><\/p>\n<p><strong>Consegna entro: 1-3 giorni lavorativi<\/strong><\/p>\n","protected":false},"featured_media":20124,"comment_status":"open","ping_status":"closed","template":"","meta":{"site-sidebar-layout":"default","site-content-layout":"default","ast-site-content-layout":"default","site-content-style":"default","site-sidebar-style":"default","ast-global-header-display":"","ast-banner-title-visibility":"","ast-main-header-display":"","ast-hfb-above-header-display":"","ast-hfb-below-header-display":"","ast-hfb-mobile-header-display":"","site-post-title":"","ast-breadcrumbs-content":"","ast-featured-img":"","footer-sml-layout":"","theme-transparent-header-meta":"default","adv-header-id-meta":"","stick-header-meta":"","header-above-stick-meta":"","header-main-stick-meta":"","header-below-stick-meta":"","astra-migrate-meta-layouts":"set","ast-page-background-enabled":"default","ast-page-background-meta":{"desktop":{"background-color":"","background-image":"","background-repeat":"repeat","background-position":"center center","background-size":"auto","background-attachment":"scroll","background-type":"","background-media":"","overlay-type":"","overlay-color":"","overlay-opacity":"","overlay-gradient":""},"tablet":{"background-color":"","background-image":"","background-repeat":"repeat","background-position":"center center","background-size":"auto","background-attachment":"scroll","background-type":"","background-media":"","overlay-type":"","overlay-color":"","overlay-opacity":"","overlay-gradient":""},"mobile":{"background-color":"","background-image":"","background-repeat":"repeat","background-position":"center center","background-size":"auto","background-attachment":"scroll","background-type":"","background-media":"","overlay-type":"","overlay-color":"","overlay-opacity":"","overlay-gradient":""}},"ast-content-background-meta":{"desktop":{"background-color":"var(--ast-global-color-5)","background-image":"","background-repeat":"repeat","background-position":"center center","background-size":"auto","background-attachment":"scroll","background-type":"","background-media":"","overlay-type":"","overlay-color":"","overlay-opacity":"","overlay-gradient":""},"tablet":{"background-color":"var(--ast-global-color-5)","background-image":"","background-repeat":"repeat","background-position":"center center","background-size":"auto","background-attachment":"scroll","background-type":"","background-media":"","overlay-type":"","overlay-color":"","overlay-opacity":"","overlay-gradient":""},"mobile":{"background-color":"var(--ast-global-color-5)","background-image":"","background-repeat":"repeat","background-position":"center center","background-size":"auto","background-attachment":"scroll","background-type":"","background-media":"","overlay-type":"","overlay-color":"","overlay-opacity":"","overlay-gradient":""}}},"product_brand":[],"product_cat":[120,8,131,26],"product_tag":[],"class_list":{"0":"post-20121","1":"product","2":"type-product","3":"status-publish","4":"has-post-thumbnail","6":"product_cat-bambini","7":"product_cat-donna","8":"product_cat-teli-mare","9":"product_cat-man","10":"desktop-align-left","11":"tablet-align-left","12":"mobile-align-left","14":"first","15":"instock","16":"taxable","17":"shipping-taxable","18":"purchasable","19":"product-type-simple"},"yoast_head":"<!-- This site is optimized with the Yoast SEO plugin v27.5 - https:\/\/yoast.com\/product\/yoast-seo-wordpress\/ -->\n<title>TELO MARE &quot;A Foras&quot; | Chessa Lab Store<\/title>\n<meta name=\"robots\" content=\"index, follow, max-snippet:-1, max-image-preview:large, max-video-preview:-1\" \/>\n<link rel=\"canonical\" href=\"https:\/\/www.chessalab.it\/chessalabshop\/prodotto\/telo-mare-a-foras\/\" \/>\n<meta property=\"og:locale\" content=\"it_IT\" \/>\n<meta property=\"og:type\" content=\"article\" \/>\n<meta property=\"og:title\" content=\"TELO MARE &quot;A Foras&quot; | Chessa Lab Store\" \/>\n<meta property=\"og:description\" content=\"A Foras  Con le mani segnate dal tempo, le spalle temprate dalla vita e la tenacia di chi ha affrontato ogni battaglia, scrive sul muro ci\u00f2 che tutti sanno, ma pochi osano dire. Questa terra non si cede. Non si svende. Non si piega. La lotta non ha et\u00e0. La libert\u00e0 non ha padroni. A foras. Fuori chi non la rispetta.  Consegna entro: 1-3 giorni lavorativi\" \/>\n<meta property=\"og:url\" content=\"https:\/\/www.chessalab.it\/chessalabshop\/prodotto\/telo-mare-a-foras\/\" \/>\n<meta property=\"og:site_name\" content=\"Chessa Lab Store\" \/>\n<meta property=\"article:publisher\" content=\"https:\/\/www.facebook.com\/chessalab\" \/>\n<meta property=\"article:modified_time\" content=\"2025-05-30T17:28:52+00:00\" \/>\n<meta property=\"og:image\" content=\"https:\/\/www.chessalab.it\/chessalabshop\/wp-content\/uploads\/2025\/05\/IMG_3989.jpg\" \/>\n\t<meta property=\"og:image:width\" content=\"971\" \/>\n\t<meta property=\"og:image:height\" content=\"2071\" \/>\n\t<meta property=\"og:image:type\" content=\"image\/jpeg\" \/>\n<meta name=\"twitter:card\" content=\"summary_large_image\" \/>\n<meta name=\"twitter:site\" content=\"@ChessaLab\" \/>\n<meta name=\"twitter:label1\" content=\"Tempo di lettura stimato\" \/>\n\t<meta name=\"twitter:data1\" content=\"1 minuto\" \/>\n<script type=\"application\/ld+json\" class=\"yoast-schema-graph\">{\"@context\":\"https:\\\/\\\/schema.org\",\"@graph\":[{\"@type\":\"WebPage\",\"@id\":\"https:\\\/\\\/www.chessalab.it\\\/chessalabshop\\\/prodotto\\\/telo-mare-a-foras\\\/\",\"url\":\"https:\\\/\\\/www.chessalab.it\\\/chessalabshop\\\/prodotto\\\/telo-mare-a-foras\\\/\",\"name\":\"TELO MARE \\\"A Foras\\\" | Chessa Lab Store\",\"isPartOf\":{\"@id\":\"https:\\\/\\\/www.chessalab.it\\\/chessalabshop\\\/#website\"},\"primaryImageOfPage\":{\"@id\":\"https:\\\/\\\/www.chessalab.it\\\/chessalabshop\\\/prodotto\\\/telo-mare-a-foras\\\/#primaryimage\"},\"image\":{\"@id\":\"https:\\\/\\\/www.chessalab.it\\\/chessalabshop\\\/prodotto\\\/telo-mare-a-foras\\\/#primaryimage\"},\"thumbnailUrl\":\"https:\\\/\\\/www.chessalab.it\\\/chessalabshop\\\/wp-content\\\/uploads\\\/2025\\\/05\\\/IMG_3989.jpg\",\"datePublished\":\"2025-05-30T10:11:08+00:00\",\"dateModified\":\"2025-05-30T17:28:52+00:00\",\"breadcrumb\":{\"@id\":\"https:\\\/\\\/www.chessalab.it\\\/chessalabshop\\\/prodotto\\\/telo-mare-a-foras\\\/#breadcrumb\"},\"inLanguage\":\"it-IT\",\"potentialAction\":[{\"@type\":\"ReadAction\",\"target\":[\"https:\\\/\\\/www.chessalab.it\\\/chessalabshop\\\/prodotto\\\/telo-mare-a-foras\\\/\"]}]},{\"@type\":\"ImageObject\",\"inLanguage\":\"it-IT\",\"@id\":\"https:\\\/\\\/www.chessalab.it\\\/chessalabshop\\\/prodotto\\\/telo-mare-a-foras\\\/#primaryimage\",\"url\":\"https:\\\/\\\/www.chessalab.it\\\/chessalabshop\\\/wp-content\\\/uploads\\\/2025\\\/05\\\/IMG_3989.jpg\",\"contentUrl\":\"https:\\\/\\\/www.chessalab.it\\\/chessalabshop\\\/wp-content\\\/uploads\\\/2025\\\/05\\\/IMG_3989.jpg\",\"width\":971,\"height\":2071},{\"@type\":\"BreadcrumbList\",\"@id\":\"https:\\\/\\\/www.chessalab.it\\\/chessalabshop\\\/prodotto\\\/telo-mare-a-foras\\\/#breadcrumb\",\"itemListElement\":[{\"@type\":\"ListItem\",\"position\":1,\"name\":\"Home\",\"item\":\"https:\\\/\\\/www.chessalab.it\\\/chessalabshop\\\/\"},{\"@type\":\"ListItem\",\"position\":2,\"name\":\"Shop_New\",\"item\":\"https:\\\/\\\/www.chessalab.it\\\/chessalabshop\\\/shop_new\\\/\"},{\"@type\":\"ListItem\",\"position\":3,\"name\":\"TELO MARE &#8220;A Foras&#8221;\"}]},{\"@type\":\"WebSite\",\"@id\":\"https:\\\/\\\/www.chessalab.it\\\/chessalabshop\\\/#website\",\"url\":\"https:\\\/\\\/www.chessalab.it\\\/chessalabshop\\\/\",\"name\":\"Chessa Lab Store\",\"description\":\"\",\"publisher\":{\"@id\":\"https:\\\/\\\/www.chessalab.it\\\/chessalabshop\\\/#organization\"},\"potentialAction\":[{\"@type\":\"SearchAction\",\"target\":{\"@type\":\"EntryPoint\",\"urlTemplate\":\"https:\\\/\\\/www.chessalab.it\\\/chessalabshop\\\/?s={search_term_string}\"},\"query-input\":{\"@type\":\"PropertyValueSpecification\",\"valueRequired\":true,\"valueName\":\"search_term_string\"}}],\"inLanguage\":\"it-IT\"},{\"@type\":\"Organization\",\"@id\":\"https:\\\/\\\/www.chessalab.it\\\/chessalabshop\\\/#organization\",\"name\":\"Chessa Lab\",\"url\":\"https:\\\/\\\/www.chessalab.it\\\/chessalabshop\\\/\",\"logo\":{\"@type\":\"ImageObject\",\"inLanguage\":\"it-IT\",\"@id\":\"https:\\\/\\\/www.chessalab.it\\\/chessalabshop\\\/#\\\/schema\\\/logo\\\/image\\\/\",\"url\":\"https:\\\/\\\/www.chessalab.it\\\/chessalabshop\\\/wp-content\\\/uploads\\\/2015\\\/06\\\/120x120-definitivo-ultimo.png\",\"contentUrl\":\"https:\\\/\\\/www.chessalab.it\\\/chessalabshop\\\/wp-content\\\/uploads\\\/2015\\\/06\\\/120x120-definitivo-ultimo.png\",\"width\":120,\"height\":120,\"caption\":\"Chessa Lab\"},\"image\":{\"@id\":\"https:\\\/\\\/www.chessalab.it\\\/chessalabshop\\\/#\\\/schema\\\/logo\\\/image\\\/\"},\"sameAs\":[\"https:\\\/\\\/www.facebook.com\\\/chessalab\",\"https:\\\/\\\/x.com\\\/ChessaLab\",\"https:\\\/\\\/www.instagram.com\\\/chessalab_official\\\/\",\"https:\\\/\\\/www.pinterest.it\\\/chessalab\\\/\"]}]}<\/script>\n<!-- \/ Yoast SEO plugin. -->","yoast_head_json":{"title":"TELO MARE \"A Foras\" | Chessa Lab Store","robots":{"index":"index","follow":"follow","max-snippet":"max-snippet:-1","max-image-preview":"max-image-preview:large","max-video-preview":"max-video-preview:-1"},"canonical":"https:\/\/www.chessalab.it\/chessalabshop\/prodotto\/telo-mare-a-foras\/","og_locale":"it_IT","og_type":"article","og_title":"TELO MARE \"A Foras\" | Chessa Lab Store","og_description":"A Foras  Con le mani segnate dal tempo, le spalle temprate dalla vita e la tenacia di chi ha affrontato ogni battaglia, scrive sul muro ci\u00f2 che tutti sanno, ma pochi osano dire. Questa terra non si cede. Non si svende. Non si piega. La lotta non ha et\u00e0. La libert\u00e0 non ha padroni. A foras. Fuori chi non la rispetta.  Consegna entro: 1-3 giorni lavorativi","og_url":"https:\/\/www.chessalab.it\/chessalabshop\/prodotto\/telo-mare-a-foras\/","og_site_name":"Chessa Lab Store","article_publisher":"https:\/\/www.facebook.com\/chessalab","article_modified_time":"2025-05-30T17:28:52+00:00","og_image":[{"width":971,"height":2071,"url":"https:\/\/www.chessalab.it\/chessalabshop\/wp-content\/uploads\/2025\/05\/IMG_3989.jpg","type":"image\/jpeg"}],"twitter_card":"summary_large_image","twitter_site":"@ChessaLab","twitter_misc":{"Tempo di lettura stimato":"1 minuto"},"schema":{"@context":"https:\/\/schema.org","@graph":[{"@type":"WebPage","@id":"https:\/\/www.chessalab.it\/chessalabshop\/prodotto\/telo-mare-a-foras\/","url":"https:\/\/www.chessalab.it\/chessalabshop\/prodotto\/telo-mare-a-foras\/","name":"TELO MARE \"A Foras\" | Chessa Lab Store","isPartOf":{"@id":"https:\/\/www.chessalab.it\/chessalabshop\/#website"},"primaryImageOfPage":{"@id":"https:\/\/www.chessalab.it\/chessalabshop\/prodotto\/telo-mare-a-foras\/#primaryimage"},"image":{"@id":"https:\/\/www.chessalab.it\/chessalabshop\/prodotto\/telo-mare-a-foras\/#primaryimage"},"thumbnailUrl":"https:\/\/www.chessalab.it\/chessalabshop\/wp-content\/uploads\/2025\/05\/IMG_3989.jpg","datePublished":"2025-05-30T10:11:08+00:00","dateModified":"2025-05-30T17:28:52+00:00","breadcrumb":{"@id":"https:\/\/www.chessalab.it\/chessalabshop\/prodotto\/telo-mare-a-foras\/#breadcrumb"},"inLanguage":"it-IT","potentialAction":[{"@type":"ReadAction","target":["https:\/\/www.chessalab.it\/chessalabshop\/prodotto\/telo-mare-a-foras\/"]}]},{"@type":"ImageObject","inLanguage":"it-IT","@id":"https:\/\/www.chessalab.it\/chessalabshop\/prodotto\/telo-mare-a-foras\/#primaryimage","url":"https:\/\/www.chessalab.it\/chessalabshop\/wp-content\/uploads\/2025\/05\/IMG_3989.jpg","contentUrl":"https:\/\/www.chessalab.it\/chessalabshop\/wp-content\/uploads\/2025\/05\/IMG_3989.jpg","width":971,"height":2071},{"@type":"BreadcrumbList","@id":"https:\/\/www.chessalab.it\/chessalabshop\/prodotto\/telo-mare-a-foras\/#breadcrumb","itemListElement":[{"@type":"ListItem","position":1,"name":"Home","item":"https:\/\/www.chessalab.it\/chessalabshop\/"},{"@type":"ListItem","position":2,"name":"Shop_New","item":"https:\/\/www.chessalab.it\/chessalabshop\/shop_new\/"},{"@type":"ListItem","position":3,"name":"TELO MARE &#8220;A Foras&#8221;"}]},{"@type":"WebSite","@id":"https:\/\/www.chessalab.it\/chessalabshop\/#website","url":"https:\/\/www.chessalab.it\/chessalabshop\/","name":"Chessa Lab Store","description":"","publisher":{"@id":"https:\/\/www.chessalab.it\/chessalabshop\/#organization"},"potentialAction":[{"@type":"SearchAction","target":{"@type":"EntryPoint","urlTemplate":"https:\/\/www.chessalab.it\/chessalabshop\/?s={search_term_string}"},"query-input":{"@type":"PropertyValueSpecification","valueRequired":true,"valueName":"search_term_string"}}],"inLanguage":"it-IT"},{"@type":"Organization","@id":"https:\/\/www.chessalab.it\/chessalabshop\/#organization","name":"Chessa Lab","url":"https:\/\/www.chessalab.it\/chessalabshop\/","logo":{"@type":"ImageObject","inLanguage":"it-IT","@id":"https:\/\/www.chessalab.it\/chessalabshop\/#\/schema\/logo\/image\/","url":"https:\/\/www.chessalab.it\/chessalabshop\/wp-content\/uploads\/2015\/06\/120x120-definitivo-ultimo.png","contentUrl":"https:\/\/www.chessalab.it\/chessalabshop\/wp-content\/uploads\/2015\/06\/120x120-definitivo-ultimo.png","width":120,"height":120,"caption":"Chessa Lab"},"image":{"@id":"https:\/\/www.chessalab.it\/chessalabshop\/#\/schema\/logo\/image\/"},"sameAs":["https:\/\/www.facebook.com\/chessalab","https:\/\/x.com\/ChessaLab","https:\/\/www.instagram.com\/chessalab_official\/","https:\/\/www.pinterest.it\/chessalab\/"]}]}},"_links":{"self":[{"href":"https:\/\/www.chessalab.it\/chessalabshop\/wp-json\/wp\/v2\/product\/20121","targetHints":{"allow":["GET"]}}],"collection":[{"href":"https:\/\/www.chessalab.it\/chessalabshop\/wp-json\/wp\/v2\/product"}],"about":[{"href":"https:\/\/www.chessalab.it\/chessalabshop\/wp-json\/wp\/v2\/types\/product"}],"replies":[{"embeddable":true,"href":"https:\/\/www.chessalab.it\/chessalabshop\/wp-json\/wp\/v2\/comments?post=20121"}],"version-history":[{"count":1,"href":"https:\/\/www.chessalab.it\/chessalabshop\/wp-json\/wp\/v2\/product\/20121\/revisions"}],"predecessor-version":[{"id":20122,"href":"https:\/\/www.chessalab.it\/chessalabshop\/wp-json\/wp\/v2\/product\/20121\/revisions\/20122"}],"wp:featuredmedia":[{"embeddable":true,"href":"https:\/\/www.chessalab.it\/chessalabshop\/wp-json\/wp\/v2\/media\/20124"}],"wp:attachment":[{"href":"https:\/\/www.chessalab.it\/chessalabshop\/wp-json\/wp\/v2\/media?parent=20121"}],"wp:term":[{"taxonomy":"product_brand","embeddable":true,"href":"https:\/\/www.chessalab.it\/chessalabshop\/wp-json\/wp\/v2\/product_brand?post=20121"},{"taxonomy":"product_cat","embeddable":true,"href":"https:\/\/www.chessalab.it\/chessalabshop\/wp-json\/wp\/v2\/product_cat?post=20121"},{"taxonomy":"product_tag","embeddable":true,"href":"https:\/\/www.chessalab.it\/chessalabshop\/wp-json\/wp\/v2\/product_tag?post=20121"}],"curies":[{"name":"wp","href":"https:\/\/api.w.org\/{rel}","templated":true}]}}