{"id":4483,"date":"2018-04-15T18:21:39","date_gmt":"2018-04-15T16:21:39","guid":{"rendered":"https:\/\/www.chessalab.it\/chessalabshop\/?post_type=product&#038;p=4483"},"modified":"2026-02-03T13:12:08","modified_gmt":"2026-02-03T12:12:08","slug":"t-shirt-filonzana-donna","status":"publish","type":"product","link":"https:\/\/www.chessalab.it\/chessalabshop\/prodotto\/t-shirt-filonzana-donna\/","title":{"rendered":"T-SHIRT FILONZANA DONNA"},"content":{"rendered":"<ol>\n<li>MAGLIA PRODOTTA INTERAMENTE IN ITALIA SECONDO GLI STANDARD QUALITATIVI DELLE OFFICINE CHESSA LAB.<\/li>\n<\/ol>\n<p>La nostra modella \u00e8 alta 175 e indossa la taglia XS.<\/p>\n<p>Disponibile nelle taglie unisex: -XXS -S -M -L -XL &#8211; XXXL<\/p>\n<p>Disponibile nelle taglie donna aderenti: -XS -S &#8211; M<\/p>\n<p>Vestibilit\u00e0 aderente<\/p>\n<p>Consiglio scelta taglie Uomo: Per questo capo consigliamo di scegliere una taglia superiore.<\/p>\n<p>Consiglio scelta taglie Donna: Per una vestibilit\u00e0 morbida optare sulla taglia unisex, per una vestibilit\u00e0 leggermente pi\u00f9 aderente optare su una taglia inferiore. Per una vestibilit\u00e0 molto aderente optare sulle taglie XS, S, M aderenti<\/p>\n<p>1\u00b0CAMBIO TAGLIA GRATUITO<\/p>\n<p>Composizione: 70% cot. 30% jersey di pol. ultra comfort<\/p>\n<p>MADE IN ITALY<\/p>\n<p>Spedizione GRATUITA.<\/p>\n","protected":false},"excerpt":{"rendered":"<p>Una donna anziana, vestita di nero, cupa figura della tradizione sarda. Il volto coperto da un&#8217;ambigua maschera scura, in mano il fuso che rappresenta il nostro destino. Decide lei cosa farne, continua a filare ma da un momento all&#8217;altro potrebbe usare le forbici.<\/p>\n<p>E tutto si fermerebbe.<\/p>\n<p><strong>Consegna entro: 1-3 giorni lavorativi<\/strong><\/p>\n","protected":false},"featured_media":4411,"comment_status":"open","ping_status":"closed","template":"","meta":{"site-sidebar-layout":"default","site-content-layout":"default","ast-site-content-layout":"default","site-content-style":"default","site-sidebar-style":"default","ast-global-header-display":"","ast-banner-title-visibility":"","ast-main-header-display":"","ast-hfb-above-header-display":"","ast-hfb-below-header-display":"","ast-hfb-mobile-header-display":"","site-post-title":"","ast-breadcrumbs-content":"","ast-featured-img":"","footer-sml-layout":"","theme-transparent-header-meta":"default","adv-header-id-meta":"","stick-header-meta":"","header-above-stick-meta":"","header-main-stick-meta":"","header-below-stick-meta":"","astra-migrate-meta-layouts":"set","ast-page-background-enabled":"default","ast-page-background-meta":{"desktop":{"background-color":"","background-image":"","background-repeat":"repeat","background-position":"center center","background-size":"auto","background-attachment":"scroll","background-type":"","background-media":"","overlay-type":"","overlay-color":"","overlay-opacity":"","overlay-gradient":""},"tablet":{"background-color":"","background-image":"","background-repeat":"repeat","background-position":"center center","background-size":"auto","background-attachment":"scroll","background-type":"","background-media":"","overlay-type":"","overlay-color":"","overlay-opacity":"","overlay-gradient":""},"mobile":{"background-color":"","background-image":"","background-repeat":"repeat","background-position":"center center","background-size":"auto","background-attachment":"scroll","background-type":"","background-media":"","overlay-type":"","overlay-color":"","overlay-opacity":"","overlay-gradient":""}},"ast-content-background-meta":{"desktop":{"background-color":"var(--ast-global-color-5)","background-image":"","background-repeat":"repeat","background-position":"center center","background-size":"auto","background-attachment":"scroll","background-type":"","background-media":"","overlay-type":"","overlay-color":"","overlay-opacity":"","overlay-gradient":""},"tablet":{"background-color":"var(--ast-global-color-5)","background-image":"","background-repeat":"repeat","background-position":"center center","background-size":"auto","background-attachment":"scroll","background-type":"","background-media":"","overlay-type":"","overlay-color":"","overlay-opacity":"","overlay-gradient":""},"mobile":{"background-color":"var(--ast-global-color-5)","background-image":"","background-repeat":"repeat","background-position":"center center","background-size":"auto","background-attachment":"scroll","background-type":"","background-media":"","overlay-type":"","overlay-color":"","overlay-opacity":"","overlay-gradient":""}}},"product_brand":[],"product_cat":[8,28],"product_tag":[],"class_list":{"0":"post-4483","1":"product","2":"type-product","3":"status-publish","4":"has-post-thumbnail","6":"product_cat-donna","7":"product_cat-t-shirt-donna","8":"desktop-align-left","9":"tablet-align-left","10":"mobile-align-left","12":"first","13":"instock","14":"taxable","15":"shipping-taxable","16":"purchasable","17":"product-type-variable"},"yoast_head":"<!-- This site is optimized with the Yoast SEO plugin v27.5 - https:\/\/yoast.com\/product\/yoast-seo-wordpress\/ -->\n<title>T-SHIRT FILONZANA DONNA | Chessa Lab Store<\/title>\n<meta name=\"robots\" content=\"index, follow, max-snippet:-1, max-image-preview:large, max-video-preview:-1\" \/>\n<link rel=\"canonical\" href=\"https:\/\/www.chessalab.it\/chessalabshop\/prodotto\/t-shirt-filonzana-donna\/\" \/>\n<meta property=\"og:locale\" content=\"it_IT\" \/>\n<meta property=\"og:type\" content=\"article\" \/>\n<meta property=\"og:title\" content=\"T-SHIRT FILONZANA DONNA | Chessa Lab Store\" \/>\n<meta property=\"og:description\" content=\"Una donna anziana, vestita di nero, cupa figura della tradizione sarda. Il volto coperto da un&#039;ambigua maschera scura, in mano il fuso che rappresenta il nostro destino. Decide lei cosa farne, continua a filare ma da un momento all&#039;altro potrebbe usare le forbici.  E tutto si fermerebbe.  Consegna entro: 1-3 giorni lavorativi\" \/>\n<meta property=\"og:url\" content=\"https:\/\/www.chessalab.it\/chessalabshop\/prodotto\/t-shirt-filonzana-donna\/\" \/>\n<meta property=\"og:site_name\" content=\"Chessa Lab Store\" \/>\n<meta property=\"article:publisher\" content=\"https:\/\/www.facebook.com\/chessalab\" \/>\n<meta property=\"article:modified_time\" content=\"2026-02-03T12:12:08+00:00\" \/>\n<meta property=\"og:image\" content=\"https:\/\/www.chessalab.it\/chessalabshop\/wp-content\/uploads\/2018\/04\/FILONZANA-2-DONNA-piano-SOCIAL-CHESSA-LAB.jpg\" \/>\n\t<meta property=\"og:image:width\" content=\"2480\" \/>\n\t<meta property=\"og:image:height\" content=\"2480\" \/>\n\t<meta property=\"og:image:type\" content=\"image\/jpeg\" \/>\n<meta name=\"twitter:card\" content=\"summary_large_image\" \/>\n<meta name=\"twitter:site\" content=\"@ChessaLab\" \/>\n<meta name=\"twitter:label1\" content=\"Tempo di lettura stimato\" \/>\n\t<meta name=\"twitter:data1\" content=\"1 minuto\" \/>\n<script type=\"application\/ld+json\" class=\"yoast-schema-graph\">{\"@context\":\"https:\\\/\\\/schema.org\",\"@graph\":[{\"@type\":\"WebPage\",\"@id\":\"https:\\\/\\\/www.chessalab.it\\\/chessalabshop\\\/prodotto\\\/t-shirt-filonzana-donna\\\/\",\"url\":\"https:\\\/\\\/www.chessalab.it\\\/chessalabshop\\\/prodotto\\\/t-shirt-filonzana-donna\\\/\",\"name\":\"T-SHIRT FILONZANA DONNA | Chessa Lab Store\",\"isPartOf\":{\"@id\":\"https:\\\/\\\/www.chessalab.it\\\/chessalabshop\\\/#website\"},\"primaryImageOfPage\":{\"@id\":\"https:\\\/\\\/www.chessalab.it\\\/chessalabshop\\\/prodotto\\\/t-shirt-filonzana-donna\\\/#primaryimage\"},\"image\":{\"@id\":\"https:\\\/\\\/www.chessalab.it\\\/chessalabshop\\\/prodotto\\\/t-shirt-filonzana-donna\\\/#primaryimage\"},\"thumbnailUrl\":\"https:\\\/\\\/www.chessalab.it\\\/chessalabshop\\\/wp-content\\\/uploads\\\/2018\\\/04\\\/FILONZANA-2-DONNA-piano-SOCIAL-CHESSA-LAB.jpg\",\"datePublished\":\"2018-04-15T16:21:39+00:00\",\"dateModified\":\"2026-02-03T12:12:08+00:00\",\"breadcrumb\":{\"@id\":\"https:\\\/\\\/www.chessalab.it\\\/chessalabshop\\\/prodotto\\\/t-shirt-filonzana-donna\\\/#breadcrumb\"},\"inLanguage\":\"it-IT\",\"potentialAction\":[{\"@type\":\"ReadAction\",\"target\":[\"https:\\\/\\\/www.chessalab.it\\\/chessalabshop\\\/prodotto\\\/t-shirt-filonzana-donna\\\/\"]}]},{\"@type\":\"ImageObject\",\"inLanguage\":\"it-IT\",\"@id\":\"https:\\\/\\\/www.chessalab.it\\\/chessalabshop\\\/prodotto\\\/t-shirt-filonzana-donna\\\/#primaryimage\",\"url\":\"https:\\\/\\\/www.chessalab.it\\\/chessalabshop\\\/wp-content\\\/uploads\\\/2018\\\/04\\\/FILONZANA-2-DONNA-piano-SOCIAL-CHESSA-LAB.jpg\",\"contentUrl\":\"https:\\\/\\\/www.chessalab.it\\\/chessalabshop\\\/wp-content\\\/uploads\\\/2018\\\/04\\\/FILONZANA-2-DONNA-piano-SOCIAL-CHESSA-LAB.jpg\",\"width\":2480,\"height\":2480},{\"@type\":\"BreadcrumbList\",\"@id\":\"https:\\\/\\\/www.chessalab.it\\\/chessalabshop\\\/prodotto\\\/t-shirt-filonzana-donna\\\/#breadcrumb\",\"itemListElement\":[{\"@type\":\"ListItem\",\"position\":1,\"name\":\"Home\",\"item\":\"https:\\\/\\\/www.chessalab.it\\\/chessalabshop\\\/\"},{\"@type\":\"ListItem\",\"position\":2,\"name\":\"Shop_New\",\"item\":\"https:\\\/\\\/www.chessalab.it\\\/chessalabshop\\\/shop_new\\\/\"},{\"@type\":\"ListItem\",\"position\":3,\"name\":\"T-SHIRT FILONZANA DONNA\"}]},{\"@type\":\"WebSite\",\"@id\":\"https:\\\/\\\/www.chessalab.it\\\/chessalabshop\\\/#website\",\"url\":\"https:\\\/\\\/www.chessalab.it\\\/chessalabshop\\\/\",\"name\":\"Chessa Lab Store\",\"description\":\"\",\"publisher\":{\"@id\":\"https:\\\/\\\/www.chessalab.it\\\/chessalabshop\\\/#organization\"},\"potentialAction\":[{\"@type\":\"SearchAction\",\"target\":{\"@type\":\"EntryPoint\",\"urlTemplate\":\"https:\\\/\\\/www.chessalab.it\\\/chessalabshop\\\/?s={search_term_string}\"},\"query-input\":{\"@type\":\"PropertyValueSpecification\",\"valueRequired\":true,\"valueName\":\"search_term_string\"}}],\"inLanguage\":\"it-IT\"},{\"@type\":\"Organization\",\"@id\":\"https:\\\/\\\/www.chessalab.it\\\/chessalabshop\\\/#organization\",\"name\":\"Chessa Lab\",\"url\":\"https:\\\/\\\/www.chessalab.it\\\/chessalabshop\\\/\",\"logo\":{\"@type\":\"ImageObject\",\"inLanguage\":\"it-IT\",\"@id\":\"https:\\\/\\\/www.chessalab.it\\\/chessalabshop\\\/#\\\/schema\\\/logo\\\/image\\\/\",\"url\":\"https:\\\/\\\/www.chessalab.it\\\/chessalabshop\\\/wp-content\\\/uploads\\\/2015\\\/06\\\/120x120-definitivo-ultimo.png\",\"contentUrl\":\"https:\\\/\\\/www.chessalab.it\\\/chessalabshop\\\/wp-content\\\/uploads\\\/2015\\\/06\\\/120x120-definitivo-ultimo.png\",\"width\":120,\"height\":120,\"caption\":\"Chessa Lab\"},\"image\":{\"@id\":\"https:\\\/\\\/www.chessalab.it\\\/chessalabshop\\\/#\\\/schema\\\/logo\\\/image\\\/\"},\"sameAs\":[\"https:\\\/\\\/www.facebook.com\\\/chessalab\",\"https:\\\/\\\/x.com\\\/ChessaLab\",\"https:\\\/\\\/www.instagram.com\\\/chessalab_official\\\/\",\"https:\\\/\\\/www.pinterest.it\\\/chessalab\\\/\"]}]}<\/script>\n<!-- \/ Yoast SEO plugin. -->","yoast_head_json":{"title":"T-SHIRT FILONZANA DONNA | Chessa Lab Store","robots":{"index":"index","follow":"follow","max-snippet":"max-snippet:-1","max-image-preview":"max-image-preview:large","max-video-preview":"max-video-preview:-1"},"canonical":"https:\/\/www.chessalab.it\/chessalabshop\/prodotto\/t-shirt-filonzana-donna\/","og_locale":"it_IT","og_type":"article","og_title":"T-SHIRT FILONZANA DONNA | Chessa Lab Store","og_description":"Una donna anziana, vestita di nero, cupa figura della tradizione sarda. Il volto coperto da un'ambigua maschera scura, in mano il fuso che rappresenta il nostro destino. Decide lei cosa farne, continua a filare ma da un momento all'altro potrebbe usare le forbici.  E tutto si fermerebbe.  Consegna entro: 1-3 giorni lavorativi","og_url":"https:\/\/www.chessalab.it\/chessalabshop\/prodotto\/t-shirt-filonzana-donna\/","og_site_name":"Chessa Lab Store","article_publisher":"https:\/\/www.facebook.com\/chessalab","article_modified_time":"2026-02-03T12:12:08+00:00","og_image":[{"width":2480,"height":2480,"url":"https:\/\/www.chessalab.it\/chessalabshop\/wp-content\/uploads\/2018\/04\/FILONZANA-2-DONNA-piano-SOCIAL-CHESSA-LAB.jpg","type":"image\/jpeg"}],"twitter_card":"summary_large_image","twitter_site":"@ChessaLab","twitter_misc":{"Tempo di lettura stimato":"1 minuto"},"schema":{"@context":"https:\/\/schema.org","@graph":[{"@type":"WebPage","@id":"https:\/\/www.chessalab.it\/chessalabshop\/prodotto\/t-shirt-filonzana-donna\/","url":"https:\/\/www.chessalab.it\/chessalabshop\/prodotto\/t-shirt-filonzana-donna\/","name":"T-SHIRT FILONZANA DONNA | Chessa Lab Store","isPartOf":{"@id":"https:\/\/www.chessalab.it\/chessalabshop\/#website"},"primaryImageOfPage":{"@id":"https:\/\/www.chessalab.it\/chessalabshop\/prodotto\/t-shirt-filonzana-donna\/#primaryimage"},"image":{"@id":"https:\/\/www.chessalab.it\/chessalabshop\/prodotto\/t-shirt-filonzana-donna\/#primaryimage"},"thumbnailUrl":"https:\/\/www.chessalab.it\/chessalabshop\/wp-content\/uploads\/2018\/04\/FILONZANA-2-DONNA-piano-SOCIAL-CHESSA-LAB.jpg","datePublished":"2018-04-15T16:21:39+00:00","dateModified":"2026-02-03T12:12:08+00:00","breadcrumb":{"@id":"https:\/\/www.chessalab.it\/chessalabshop\/prodotto\/t-shirt-filonzana-donna\/#breadcrumb"},"inLanguage":"it-IT","potentialAction":[{"@type":"ReadAction","target":["https:\/\/www.chessalab.it\/chessalabshop\/prodotto\/t-shirt-filonzana-donna\/"]}]},{"@type":"ImageObject","inLanguage":"it-IT","@id":"https:\/\/www.chessalab.it\/chessalabshop\/prodotto\/t-shirt-filonzana-donna\/#primaryimage","url":"https:\/\/www.chessalab.it\/chessalabshop\/wp-content\/uploads\/2018\/04\/FILONZANA-2-DONNA-piano-SOCIAL-CHESSA-LAB.jpg","contentUrl":"https:\/\/www.chessalab.it\/chessalabshop\/wp-content\/uploads\/2018\/04\/FILONZANA-2-DONNA-piano-SOCIAL-CHESSA-LAB.jpg","width":2480,"height":2480},{"@type":"BreadcrumbList","@id":"https:\/\/www.chessalab.it\/chessalabshop\/prodotto\/t-shirt-filonzana-donna\/#breadcrumb","itemListElement":[{"@type":"ListItem","position":1,"name":"Home","item":"https:\/\/www.chessalab.it\/chessalabshop\/"},{"@type":"ListItem","position":2,"name":"Shop_New","item":"https:\/\/www.chessalab.it\/chessalabshop\/shop_new\/"},{"@type":"ListItem","position":3,"name":"T-SHIRT FILONZANA DONNA"}]},{"@type":"WebSite","@id":"https:\/\/www.chessalab.it\/chessalabshop\/#website","url":"https:\/\/www.chessalab.it\/chessalabshop\/","name":"Chessa Lab Store","description":"","publisher":{"@id":"https:\/\/www.chessalab.it\/chessalabshop\/#organization"},"potentialAction":[{"@type":"SearchAction","target":{"@type":"EntryPoint","urlTemplate":"https:\/\/www.chessalab.it\/chessalabshop\/?s={search_term_string}"},"query-input":{"@type":"PropertyValueSpecification","valueRequired":true,"valueName":"search_term_string"}}],"inLanguage":"it-IT"},{"@type":"Organization","@id":"https:\/\/www.chessalab.it\/chessalabshop\/#organization","name":"Chessa Lab","url":"https:\/\/www.chessalab.it\/chessalabshop\/","logo":{"@type":"ImageObject","inLanguage":"it-IT","@id":"https:\/\/www.chessalab.it\/chessalabshop\/#\/schema\/logo\/image\/","url":"https:\/\/www.chessalab.it\/chessalabshop\/wp-content\/uploads\/2015\/06\/120x120-definitivo-ultimo.png","contentUrl":"https:\/\/www.chessalab.it\/chessalabshop\/wp-content\/uploads\/2015\/06\/120x120-definitivo-ultimo.png","width":120,"height":120,"caption":"Chessa Lab"},"image":{"@id":"https:\/\/www.chessalab.it\/chessalabshop\/#\/schema\/logo\/image\/"},"sameAs":["https:\/\/www.facebook.com\/chessalab","https:\/\/x.com\/ChessaLab","https:\/\/www.instagram.com\/chessalab_official\/","https:\/\/www.pinterest.it\/chessalab\/"]}]}},"_links":{"self":[{"href":"https:\/\/www.chessalab.it\/chessalabshop\/wp-json\/wp\/v2\/product\/4483","targetHints":{"allow":["GET"]}}],"collection":[{"href":"https:\/\/www.chessalab.it\/chessalabshop\/wp-json\/wp\/v2\/product"}],"about":[{"href":"https:\/\/www.chessalab.it\/chessalabshop\/wp-json\/wp\/v2\/types\/product"}],"replies":[{"embeddable":true,"href":"https:\/\/www.chessalab.it\/chessalabshop\/wp-json\/wp\/v2\/comments?post=4483"}],"version-history":[{"count":10,"href":"https:\/\/www.chessalab.it\/chessalabshop\/wp-json\/wp\/v2\/product\/4483\/revisions"}],"predecessor-version":[{"id":20592,"href":"https:\/\/www.chessalab.it\/chessalabshop\/wp-json\/wp\/v2\/product\/4483\/revisions\/20592"}],"wp:featuredmedia":[{"embeddable":true,"href":"https:\/\/www.chessalab.it\/chessalabshop\/wp-json\/wp\/v2\/media\/4411"}],"wp:attachment":[{"href":"https:\/\/www.chessalab.it\/chessalabshop\/wp-json\/wp\/v2\/media?parent=4483"}],"wp:term":[{"taxonomy":"product_brand","embeddable":true,"href":"https:\/\/www.chessalab.it\/chessalabshop\/wp-json\/wp\/v2\/product_brand?post=4483"},{"taxonomy":"product_cat","embeddable":true,"href":"https:\/\/www.chessalab.it\/chessalabshop\/wp-json\/wp\/v2\/product_cat?post=4483"},{"taxonomy":"product_tag","embeddable":true,"href":"https:\/\/www.chessalab.it\/chessalabshop\/wp-json\/wp\/v2\/product_tag?post=4483"}],"curies":[{"name":"wp","href":"https:\/\/api.w.org\/{rel}","templated":true}]}}