{"id":6885,"date":"2019-04-14T19:01:10","date_gmt":"2019-04-14T17:01:10","guid":{"rendered":"https:\/\/www.chessalab.it\/chessalabshop\/?post_type=product&#038;p=6885"},"modified":"2021-12-04T11:11:00","modified_gmt":"2021-12-04T10:11:00","slug":"t-shirt-elisir-uomo","status":"publish","type":"product","link":"https:\/\/www.chessalab.it\/chessalabshop\/prodotto\/t-shirt-elisir-uomo\/","title":{"rendered":"T-SHIRT ELISIR UOMO"},"content":{"rendered":"<p>MAGLIA PRODOTTA INTERAMENTE IN ITALIA SECONDO GLI STANDARD QUALITATIVI DELLE OFFICINE CHESSA LAB.<\/p>\n<p>Disponibile nelle taglie: -XS -S -M -L -XL -XXL<\/p>\n<p>Vestibilit\u00e0 aderente<\/p>\n<p>Consiglio scelta taglie Uomo: Per questo capo consigliamo di scegliere una taglia superiore.<\/p>\n<p>Consiglio scelta taglie Donna: Per una vestibilit\u00e0 morbida optare sulla taglia unisex, per una vestibilit\u00e0 leggermente pi\u00f9 aderente optare su una taglia inferiore. Per una vestibilit\u00e0 molto aderente optare sulle taglie XS, S, M aderenti<\/p>\n<p>1\u00b0CAMBIO TAGLIA GRATUITO<\/p>\n<p>Composizione: 70% cot. 30% jersey di pol. ultra comfort<\/p>\n<p>MADE IN ITALY<\/p>\n<p>Spedizione GRATUITA.<\/p>\n","protected":false},"excerpt":{"rendered":"<p><span style=\"font-weight: 400;\">C\u2019\u00e8 chi dice che un frutto della terra porta dentro di s\u00e9 cento volte il valore del tempo e della fatica impiegati per coltivarlo. Ogni secondo, minuto e ora che ho passato sui campi<\/span><span style=\"font-weight: 400;\">,<\/span><span style=\"font-weight: 400;\"> per la mia vigna, per il mio vino,<\/span> <span style=\"font-weight: 400;\">sono stati ben spesi. Il mio segreto \u00e8 il mio elisir.<\/span><\/p>\n","protected":false},"featured_media":6892,"comment_status":"open","ping_status":"closed","template":"","meta":{"site-sidebar-layout":"default","site-content-layout":"default","ast-site-content-layout":"","site-content-style":"default","site-sidebar-style":"default","ast-global-header-display":"","ast-banner-title-visibility":"","ast-main-header-display":"","ast-hfb-above-header-display":"","ast-hfb-below-header-display":"","ast-hfb-mobile-header-display":"","site-post-title":"","ast-breadcrumbs-content":"","ast-featured-img":"","footer-sml-layout":"","theme-transparent-header-meta":"default","adv-header-id-meta":"","stick-header-meta":"","header-above-stick-meta":"","header-main-stick-meta":"","header-below-stick-meta":"","astra-migrate-meta-layouts":"default","ast-page-background-enabled":"default","ast-page-background-meta":{"desktop":{"background-color":"","background-image":"","background-repeat":"repeat","background-position":"center center","background-size":"auto","background-attachment":"scroll","background-type":"","background-media":"","overlay-type":"","overlay-color":"","overlay-opacity":"","overlay-gradient":""},"tablet":{"background-color":"","background-image":"","background-repeat":"repeat","background-position":"center center","background-size":"auto","background-attachment":"scroll","background-type":"","background-media":"","overlay-type":"","overlay-color":"","overlay-opacity":"","overlay-gradient":""},"mobile":{"background-color":"","background-image":"","background-repeat":"repeat","background-position":"center center","background-size":"auto","background-attachment":"scroll","background-type":"","background-media":"","overlay-type":"","overlay-color":"","overlay-opacity":"","overlay-gradient":""}},"ast-content-background-meta":{"desktop":{"background-color":"var(--ast-global-color-5)","background-image":"","background-repeat":"repeat","background-position":"center center","background-size":"auto","background-attachment":"scroll","background-type":"","background-media":"","overlay-type":"","overlay-color":"","overlay-opacity":"","overlay-gradient":""},"tablet":{"background-color":"var(--ast-global-color-5)","background-image":"","background-repeat":"repeat","background-position":"center center","background-size":"auto","background-attachment":"scroll","background-type":"","background-media":"","overlay-type":"","overlay-color":"","overlay-opacity":"","overlay-gradient":""},"mobile":{"background-color":"var(--ast-global-color-5)","background-image":"","background-repeat":"repeat","background-position":"center center","background-size":"auto","background-attachment":"scroll","background-type":"","background-media":"","overlay-type":"","overlay-color":"","overlay-opacity":"","overlay-gradient":""}}},"product_brand":[],"product_cat":[27,26],"product_tag":[],"class_list":{"0":"post-6885","1":"product","2":"type-product","3":"status-publish","4":"has-post-thumbnail","6":"product_cat-t-shirt-uomo","7":"product_cat-man","8":"desktop-align-left","9":"tablet-align-left","10":"mobile-align-left","12":"first","13":"instock","14":"taxable","15":"shipping-taxable","16":"purchasable","17":"product-type-variable"},"yoast_head":"<!-- This site is optimized with the Yoast SEO plugin v27.4 - https:\/\/yoast.com\/product\/yoast-seo-wordpress\/ -->\n<title>T-SHIRT ELISIR UOMO | Chessa Lab Store<\/title>\n<meta name=\"robots\" content=\"index, follow, max-snippet:-1, max-image-preview:large, max-video-preview:-1\" \/>\n<link rel=\"canonical\" href=\"https:\/\/www.chessalab.it\/chessalabshop\/prodotto\/t-shirt-elisir-uomo\/\" \/>\n<meta property=\"og:locale\" content=\"it_IT\" \/>\n<meta property=\"og:type\" content=\"article\" \/>\n<meta property=\"og:title\" content=\"T-SHIRT ELISIR UOMO | Chessa Lab Store\" \/>\n<meta property=\"og:description\" content=\"C\u2019\u00e8 chi dice che un frutto della terra porta dentro di s\u00e9 cento volte il valore del tempo e della fatica impiegati per coltivarlo. Ogni secondo, minuto e ora che ho passato sui campi, per la mia vigna, per il mio vino, sono stati ben spesi. Il mio segreto \u00e8 il mio elisir.\" \/>\n<meta property=\"og:url\" content=\"https:\/\/www.chessalab.it\/chessalabshop\/prodotto\/t-shirt-elisir-uomo\/\" \/>\n<meta property=\"og:site_name\" content=\"Chessa Lab Store\" \/>\n<meta property=\"article:publisher\" content=\"https:\/\/www.facebook.com\/chessalab\" \/>\n<meta property=\"article:modified_time\" content=\"2021-12-04T10:11:00+00:00\" \/>\n<meta property=\"og:image\" content=\"https:\/\/www.chessalab.it\/chessalabshop\/wp-content\/uploads\/2019\/04\/UOMO-ELISIR-1.jpg\" \/>\n\t<meta property=\"og:image:width\" content=\"2480\" \/>\n\t<meta property=\"og:image:height\" content=\"2480\" \/>\n\t<meta property=\"og:image:type\" content=\"image\/jpeg\" \/>\n<meta name=\"twitter:card\" content=\"summary_large_image\" \/>\n<meta name=\"twitter:site\" content=\"@ChessaLab\" \/>\n<script type=\"application\/ld+json\" class=\"yoast-schema-graph\">{\"@context\":\"https:\\\/\\\/schema.org\",\"@graph\":[{\"@type\":\"WebPage\",\"@id\":\"https:\\\/\\\/www.chessalab.it\\\/chessalabshop\\\/prodotto\\\/t-shirt-elisir-uomo\\\/\",\"url\":\"https:\\\/\\\/www.chessalab.it\\\/chessalabshop\\\/prodotto\\\/t-shirt-elisir-uomo\\\/\",\"name\":\"T-SHIRT ELISIR UOMO | Chessa Lab Store\",\"isPartOf\":{\"@id\":\"https:\\\/\\\/www.chessalab.it\\\/chessalabshop\\\/#website\"},\"primaryImageOfPage\":{\"@id\":\"https:\\\/\\\/www.chessalab.it\\\/chessalabshop\\\/prodotto\\\/t-shirt-elisir-uomo\\\/#primaryimage\"},\"image\":{\"@id\":\"https:\\\/\\\/www.chessalab.it\\\/chessalabshop\\\/prodotto\\\/t-shirt-elisir-uomo\\\/#primaryimage\"},\"thumbnailUrl\":\"https:\\\/\\\/www.chessalab.it\\\/chessalabshop\\\/wp-content\\\/uploads\\\/2019\\\/04\\\/UOMO-ELISIR-1.jpg\",\"datePublished\":\"2019-04-14T17:01:10+00:00\",\"dateModified\":\"2021-12-04T10:11:00+00:00\",\"breadcrumb\":{\"@id\":\"https:\\\/\\\/www.chessalab.it\\\/chessalabshop\\\/prodotto\\\/t-shirt-elisir-uomo\\\/#breadcrumb\"},\"inLanguage\":\"it-IT\",\"potentialAction\":[{\"@type\":\"ReadAction\",\"target\":[\"https:\\\/\\\/www.chessalab.it\\\/chessalabshop\\\/prodotto\\\/t-shirt-elisir-uomo\\\/\"]}]},{\"@type\":\"ImageObject\",\"inLanguage\":\"it-IT\",\"@id\":\"https:\\\/\\\/www.chessalab.it\\\/chessalabshop\\\/prodotto\\\/t-shirt-elisir-uomo\\\/#primaryimage\",\"url\":\"https:\\\/\\\/www.chessalab.it\\\/chessalabshop\\\/wp-content\\\/uploads\\\/2019\\\/04\\\/UOMO-ELISIR-1.jpg\",\"contentUrl\":\"https:\\\/\\\/www.chessalab.it\\\/chessalabshop\\\/wp-content\\\/uploads\\\/2019\\\/04\\\/UOMO-ELISIR-1.jpg\",\"width\":2480,\"height\":2480},{\"@type\":\"BreadcrumbList\",\"@id\":\"https:\\\/\\\/www.chessalab.it\\\/chessalabshop\\\/prodotto\\\/t-shirt-elisir-uomo\\\/#breadcrumb\",\"itemListElement\":[{\"@type\":\"ListItem\",\"position\":1,\"name\":\"Home\",\"item\":\"https:\\\/\\\/www.chessalab.it\\\/chessalabshop\\\/\"},{\"@type\":\"ListItem\",\"position\":2,\"name\":\"Shop_New\",\"item\":\"https:\\\/\\\/www.chessalab.it\\\/chessalabshop\\\/shop_new\\\/\"},{\"@type\":\"ListItem\",\"position\":3,\"name\":\"T-SHIRT ELISIR UOMO\"}]},{\"@type\":\"WebSite\",\"@id\":\"https:\\\/\\\/www.chessalab.it\\\/chessalabshop\\\/#website\",\"url\":\"https:\\\/\\\/www.chessalab.it\\\/chessalabshop\\\/\",\"name\":\"Chessa Lab Store\",\"description\":\"\",\"publisher\":{\"@id\":\"https:\\\/\\\/www.chessalab.it\\\/chessalabshop\\\/#organization\"},\"potentialAction\":[{\"@type\":\"SearchAction\",\"target\":{\"@type\":\"EntryPoint\",\"urlTemplate\":\"https:\\\/\\\/www.chessalab.it\\\/chessalabshop\\\/?s={search_term_string}\"},\"query-input\":{\"@type\":\"PropertyValueSpecification\",\"valueRequired\":true,\"valueName\":\"search_term_string\"}}],\"inLanguage\":\"it-IT\"},{\"@type\":\"Organization\",\"@id\":\"https:\\\/\\\/www.chessalab.it\\\/chessalabshop\\\/#organization\",\"name\":\"Chessa Lab\",\"url\":\"https:\\\/\\\/www.chessalab.it\\\/chessalabshop\\\/\",\"logo\":{\"@type\":\"ImageObject\",\"inLanguage\":\"it-IT\",\"@id\":\"https:\\\/\\\/www.chessalab.it\\\/chessalabshop\\\/#\\\/schema\\\/logo\\\/image\\\/\",\"url\":\"https:\\\/\\\/www.chessalab.it\\\/chessalabshop\\\/wp-content\\\/uploads\\\/2015\\\/06\\\/120x120-definitivo-ultimo.png\",\"contentUrl\":\"https:\\\/\\\/www.chessalab.it\\\/chessalabshop\\\/wp-content\\\/uploads\\\/2015\\\/06\\\/120x120-definitivo-ultimo.png\",\"width\":120,\"height\":120,\"caption\":\"Chessa Lab\"},\"image\":{\"@id\":\"https:\\\/\\\/www.chessalab.it\\\/chessalabshop\\\/#\\\/schema\\\/logo\\\/image\\\/\"},\"sameAs\":[\"https:\\\/\\\/www.facebook.com\\\/chessalab\",\"https:\\\/\\\/x.com\\\/ChessaLab\",\"https:\\\/\\\/www.instagram.com\\\/chessalab_official\\\/\",\"https:\\\/\\\/www.pinterest.it\\\/chessalab\\\/\"]}]}<\/script>\n<!-- \/ Yoast SEO plugin. -->","yoast_head_json":{"title":"T-SHIRT ELISIR UOMO | Chessa Lab Store","robots":{"index":"index","follow":"follow","max-snippet":"max-snippet:-1","max-image-preview":"max-image-preview:large","max-video-preview":"max-video-preview:-1"},"canonical":"https:\/\/www.chessalab.it\/chessalabshop\/prodotto\/t-shirt-elisir-uomo\/","og_locale":"it_IT","og_type":"article","og_title":"T-SHIRT ELISIR UOMO | Chessa Lab Store","og_description":"C\u2019\u00e8 chi dice che un frutto della terra porta dentro di s\u00e9 cento volte il valore del tempo e della fatica impiegati per coltivarlo. Ogni secondo, minuto e ora che ho passato sui campi, per la mia vigna, per il mio vino, sono stati ben spesi. Il mio segreto \u00e8 il mio elisir.","og_url":"https:\/\/www.chessalab.it\/chessalabshop\/prodotto\/t-shirt-elisir-uomo\/","og_site_name":"Chessa Lab Store","article_publisher":"https:\/\/www.facebook.com\/chessalab","article_modified_time":"2021-12-04T10:11:00+00:00","og_image":[{"width":2480,"height":2480,"url":"https:\/\/www.chessalab.it\/chessalabshop\/wp-content\/uploads\/2019\/04\/UOMO-ELISIR-1.jpg","type":"image\/jpeg"}],"twitter_card":"summary_large_image","twitter_site":"@ChessaLab","schema":{"@context":"https:\/\/schema.org","@graph":[{"@type":"WebPage","@id":"https:\/\/www.chessalab.it\/chessalabshop\/prodotto\/t-shirt-elisir-uomo\/","url":"https:\/\/www.chessalab.it\/chessalabshop\/prodotto\/t-shirt-elisir-uomo\/","name":"T-SHIRT ELISIR UOMO | Chessa Lab Store","isPartOf":{"@id":"https:\/\/www.chessalab.it\/chessalabshop\/#website"},"primaryImageOfPage":{"@id":"https:\/\/www.chessalab.it\/chessalabshop\/prodotto\/t-shirt-elisir-uomo\/#primaryimage"},"image":{"@id":"https:\/\/www.chessalab.it\/chessalabshop\/prodotto\/t-shirt-elisir-uomo\/#primaryimage"},"thumbnailUrl":"https:\/\/www.chessalab.it\/chessalabshop\/wp-content\/uploads\/2019\/04\/UOMO-ELISIR-1.jpg","datePublished":"2019-04-14T17:01:10+00:00","dateModified":"2021-12-04T10:11:00+00:00","breadcrumb":{"@id":"https:\/\/www.chessalab.it\/chessalabshop\/prodotto\/t-shirt-elisir-uomo\/#breadcrumb"},"inLanguage":"it-IT","potentialAction":[{"@type":"ReadAction","target":["https:\/\/www.chessalab.it\/chessalabshop\/prodotto\/t-shirt-elisir-uomo\/"]}]},{"@type":"ImageObject","inLanguage":"it-IT","@id":"https:\/\/www.chessalab.it\/chessalabshop\/prodotto\/t-shirt-elisir-uomo\/#primaryimage","url":"https:\/\/www.chessalab.it\/chessalabshop\/wp-content\/uploads\/2019\/04\/UOMO-ELISIR-1.jpg","contentUrl":"https:\/\/www.chessalab.it\/chessalabshop\/wp-content\/uploads\/2019\/04\/UOMO-ELISIR-1.jpg","width":2480,"height":2480},{"@type":"BreadcrumbList","@id":"https:\/\/www.chessalab.it\/chessalabshop\/prodotto\/t-shirt-elisir-uomo\/#breadcrumb","itemListElement":[{"@type":"ListItem","position":1,"name":"Home","item":"https:\/\/www.chessalab.it\/chessalabshop\/"},{"@type":"ListItem","position":2,"name":"Shop_New","item":"https:\/\/www.chessalab.it\/chessalabshop\/shop_new\/"},{"@type":"ListItem","position":3,"name":"T-SHIRT ELISIR UOMO"}]},{"@type":"WebSite","@id":"https:\/\/www.chessalab.it\/chessalabshop\/#website","url":"https:\/\/www.chessalab.it\/chessalabshop\/","name":"Chessa Lab Store","description":"","publisher":{"@id":"https:\/\/www.chessalab.it\/chessalabshop\/#organization"},"potentialAction":[{"@type":"SearchAction","target":{"@type":"EntryPoint","urlTemplate":"https:\/\/www.chessalab.it\/chessalabshop\/?s={search_term_string}"},"query-input":{"@type":"PropertyValueSpecification","valueRequired":true,"valueName":"search_term_string"}}],"inLanguage":"it-IT"},{"@type":"Organization","@id":"https:\/\/www.chessalab.it\/chessalabshop\/#organization","name":"Chessa Lab","url":"https:\/\/www.chessalab.it\/chessalabshop\/","logo":{"@type":"ImageObject","inLanguage":"it-IT","@id":"https:\/\/www.chessalab.it\/chessalabshop\/#\/schema\/logo\/image\/","url":"https:\/\/www.chessalab.it\/chessalabshop\/wp-content\/uploads\/2015\/06\/120x120-definitivo-ultimo.png","contentUrl":"https:\/\/www.chessalab.it\/chessalabshop\/wp-content\/uploads\/2015\/06\/120x120-definitivo-ultimo.png","width":120,"height":120,"caption":"Chessa Lab"},"image":{"@id":"https:\/\/www.chessalab.it\/chessalabshop\/#\/schema\/logo\/image\/"},"sameAs":["https:\/\/www.facebook.com\/chessalab","https:\/\/x.com\/ChessaLab","https:\/\/www.instagram.com\/chessalab_official\/","https:\/\/www.pinterest.it\/chessalab\/"]}]}},"_links":{"self":[{"href":"https:\/\/www.chessalab.it\/chessalabshop\/wp-json\/wp\/v2\/product\/6885","targetHints":{"allow":["GET"]}}],"collection":[{"href":"https:\/\/www.chessalab.it\/chessalabshop\/wp-json\/wp\/v2\/product"}],"about":[{"href":"https:\/\/www.chessalab.it\/chessalabshop\/wp-json\/wp\/v2\/types\/product"}],"replies":[{"embeddable":true,"href":"https:\/\/www.chessalab.it\/chessalabshop\/wp-json\/wp\/v2\/comments?post=6885"}],"version-history":[{"count":5,"href":"https:\/\/www.chessalab.it\/chessalabshop\/wp-json\/wp\/v2\/product\/6885\/revisions"}],"predecessor-version":[{"id":15890,"href":"https:\/\/www.chessalab.it\/chessalabshop\/wp-json\/wp\/v2\/product\/6885\/revisions\/15890"}],"wp:featuredmedia":[{"embeddable":true,"href":"https:\/\/www.chessalab.it\/chessalabshop\/wp-json\/wp\/v2\/media\/6892"}],"wp:attachment":[{"href":"https:\/\/www.chessalab.it\/chessalabshop\/wp-json\/wp\/v2\/media?parent=6885"}],"wp:term":[{"taxonomy":"product_brand","embeddable":true,"href":"https:\/\/www.chessalab.it\/chessalabshop\/wp-json\/wp\/v2\/product_brand?post=6885"},{"taxonomy":"product_cat","embeddable":true,"href":"https:\/\/www.chessalab.it\/chessalabshop\/wp-json\/wp\/v2\/product_cat?post=6885"},{"taxonomy":"product_tag","embeddable":true,"href":"https:\/\/www.chessalab.it\/chessalabshop\/wp-json\/wp\/v2\/product_tag?post=6885"}],"curies":[{"name":"wp","href":"https:\/\/api.w.org\/{rel}","templated":true}]}}